{"id":10530,"date":"2024-03-05T06:54:06","date_gmt":"2024-03-05T05:54:06","guid":{"rendered":"https:\/\/germainpatrons.com\/?post_type=product&#038;p=10530"},"modified":"2026-04-20T08:40:33","modified_gmt":"2026-04-20T06:40:33","slug":"onna","status":"publish","type":"product","link":"https:\/\/germainpatrons.com\/en\/onna\/","title":{"rendered":"Onna"},"content":{"rendered":"<p>\u00a0<\/p>\n<p>Onna est une combinaison ample, au look esprit kimono, f\u00e9minit\u00e9, confort et libert\u00e9 de mouvement se confondent pour faire de Onna l\u2019alli\u00e9e de votre \u00e9t\u00e9.<\/p>\n<p>Joliment nou\u00e9e \u00e0 la taille, elle viendra souligner votre silhouette.<\/p>\n<p>Choisissez Une version courte pour les chaudes journ\u00e9es ensoleill\u00e9es, ou une version jambes longues, pour vos soir\u00e9es plus habill\u00e9es.<\/p>\n<p>Faites-vous plaisir en imaginant de multiples versions dans des tissus tels que viscose, gaze de coton, popeline de coton, popeline de viscose, twill de viscose, tencel, lin, viscose et lin, soie, cr\u00eape satin\u2026 les possibilit\u00e9s sont grandes !<\/p>\n[et_pb_section global_module=\"10460\"][\/et_pb_section]\n","protected":false},"excerpt":{"rendered":"<p>&nbsp;<\/p>\n<p>Onna est une combinaison ample, au look esprit kimono, f\u00e9minit\u00e9, confort et libert\u00e9 de mouvement se confondent pour faire de Onna l\u2019alli\u00e9e de votre \u00e9t\u00e9.<\/p>\n<div class=\"dftail\"><em>Tailles : 34 au 48 \/ 46 au 60.<\/em><\/div>\n<div class=\"dficon\">\n<p><em>Niveau de difficult\u00e9 : <\/em><\/p>\n<div class=\"difficulty\">.<\/div>\n<div class=\"difficulty\"><\/div>\n<\/div>\n<p>\u00c0 retrouver sur vos r\u00e9seaux : <a href=\"https:\/\/www.instagram.com\/explore\/tags\/combinaisononna\/?hl=fr\" target=\"_blank\" rel=\"noopener\">#combinaisononna<\/a>; <a href=\"https:\/\/www.instagram.com\/explore\/tags\/germainpatronsonna\/?hl=fr\" target=\"_blank\" rel=\"noopener\">#germainpatronsonna<\/a> ; <a href=\"https:\/\/www.instagram.com\/explore\/tags\/germainpatrons\/?hl=fr\" target=\"_blank\" rel=\"noopener\">#germainpatrons<\/a><\/p>\n","protected":false},"featured_media":11333,"template":"","meta":{"_et_pb_use_builder":"off","_et_pb_old_content":"\u00a0\r\n\r\nOnna est une combinaison ample, au look esprit kimono, f\u00e9minit\u00e9, confort et libert\u00e9 de mouvement se confondent pour faire de Onna l\u2019alli\u00e9e de votre \u00e9t\u00e9.\r\n\r\nJoliment nou\u00e9e \u00e0 la taille, elle viendra souligner votre silhouette.\r\n\r\nChoisissez Une version courte pour les chaudes journ\u00e9es ensoleill\u00e9es, ou une version jambes longues, pour vos soir\u00e9es plus habill\u00e9es.\r\n\r\nFaites-vous plaisir en imaginant de multiples versions dans des tissus tels que viscose, gaze de coton, popeline de coton, popeline de viscose, twill de viscose, tencel, lin, viscose et lin, soie, cr\u00eape satin\u2026 les possibilit\u00e9s sont grandes !\r\n\r\n[divi_shortcode id=\"10460\"]","_et_gb_content_width":""},"product_brand":[],"product_cat":[72,68,36,37],"product_tag":[146,169],"class_list":{"0":"post-10530","1":"product","2":"type-product","3":"status-publish","4":"has-post-thumbnail","6":"product_cat-pantalons-shorts-et-combis-46-60-fr","7":"product_cat-pantalons-shorts-et-combis-34-48-fr","8":"product_cat-patrons-de-couture-femmes-34-48-fr","9":"product_cat-patrons-de-couture-femmes-46-60-fr","10":"product_tag-146","11":"product_tag-combinaison","12":"pa_formats-pdf-34-48-fr","13":"pa_formats-pdf-46-60-fr","14":"pa_formats-pochette-34-48-fr","15":"pa_formats-pochette-46-60-fr","16":"wcmi-has-gallery","18":"first","19":"instock","20":"taxable","21":"shipping-taxable","22":"purchasable","23":"product-type-variable"},"supplier_id":null,"supplier_sku":"","barcode":null,"atum_controlled":true,"out_stock_date":null,"out_stock_threshold":null,"inheritable":false,"inbound_stock":0,"stock_on_hold":5,"sold_today":0,"sales_last_days":21,"reserved_stock":0,"customer_returns":0,"warehouse_damage":0,"lost_in_post":0,"other_logs":0,"out_stock_days":0,"lost_sales":0,"has_location":false,"update_date":"2026-04-26T00:41:39","atum_locations":[],"atum_stock_status":"instock","restock_status":false,"low_stock_amount":"","sales_update_date":"2026-04-26T00:41:39","calc_backorders":null,"jetpack_sharing_enabled":true,"_links":{"self":[{"href":"https:\/\/germainpatrons.com\/en\/wp-json\/wp\/v2\/product\/10530","targetHints":{"allow":["GET"]}}],"collection":[{"href":"https:\/\/germainpatrons.com\/en\/wp-json\/wp\/v2\/product"}],"about":[{"href":"https:\/\/germainpatrons.com\/en\/wp-json\/wp\/v2\/types\/product"}],"wp:featuredmedia":[{"embeddable":true,"href":"https:\/\/germainpatrons.com\/en\/wp-json\/wp\/v2\/media\/11333"}],"wp:attachment":[{"href":"https:\/\/germainpatrons.com\/en\/wp-json\/wp\/v2\/media?parent=10530"}],"wp:term":[{"taxonomy":"product_brand","embeddable":true,"href":"https:\/\/germainpatrons.com\/en\/wp-json\/wp\/v2\/product_brand?post=10530"},{"taxonomy":"product_cat","embeddable":true,"href":"https:\/\/germainpatrons.com\/en\/wp-json\/wp\/v2\/product_cat?post=10530"},{"taxonomy":"product_tag","embeddable":true,"href":"https:\/\/germainpatrons.com\/en\/wp-json\/wp\/v2\/product_tag?post=10530"}],"curies":[{"name":"wp","href":"https:\/\/api.w.org\/{rel}","templated":true}]}}