{"id":10548,"date":"2024-03-05T07:43:15","date_gmt":"2024-03-05T06:43:15","guid":{"rendered":"https:\/\/germainpatrons.com\/?post_type=product&#038;p=10548"},"modified":"2026-04-04T11:56:35","modified_gmt":"2026-04-04T09:56:35","slug":"anouk","status":"publish","type":"product","link":"https:\/\/germainpatrons.com\/en\/anouk\/","title":{"rendered":"Anouk"},"content":{"rendered":"<p>Vous r\u00eaviez d\u2019enfiler une robe et de vous sentir belle comme par magie ?<\/p>\n<p>Voici Ano\u00ef, la robe qu\u2019on ne quittera pas de l\u2019\u00e9t\u00e9.<\/p>\n<p>D\u00e9collet\u00e9e devant et dos, ni trop ni pas assez, de jolis d\u00e9tails de liens \u00e0 nouer, une jupe longue avec des volants sur le bas, comment ne pas succomber ?<\/p>\n<p>Parfaite de jour comme de nuit, le tissu que vous choisirez lui donnera une allure compl\u00e8tement diff\u00e9rente :<\/p>\n<p>Une gaze de coton, un lin, pour des chaudes journ\u00e9es d\u2019\u00e9t\u00e9<\/p>\n<p>Une belle soie, un cr\u00eape l\u00e9ger satin\u00e9e pour une soir\u00e9e en amoureux<\/p>\n<p>\u00c0 vous d\u2019imaginer vos versions !<\/p>\n[et_pb_section global_module=\"10580\"][\/et_pb_section]\n","protected":false},"excerpt":{"rendered":"<p>Anouk<\/p>\n<p>Vous r\u00eaviez d\u2019enfiler une robe et de vous sentir belle comme par magie ?<\/p>\n<p>Voici Anouk, la robe qu\u2019on ne quittera pas de l\u2019\u00e9t\u00e9.<\/p>\n<div class=\"dftail\"><em>Tailles : 34 au 48 \/ 46 au 60.<\/em><\/div>\n<div class=\"dficon\">\n<p><em>Niveau de difficult\u00e9 : <\/em><\/p>\n<div class=\"difficulty\"><\/div>\n<div class=\"difficulty\"><\/div>\n<\/div>\n<p>\u00c0 retrouver sur vos r\u00e9seaux : <a href=\"https:\/\/www.instagram.com\/explore\/tags\/robeanouk\/?hl=fr\" target=\"_blank\" rel=\"noopener\">#robeanouk<\/a>; <a href=\"https:\/\/www.instagram.com\/explore\/tags\/germainpatronsanouk\/?hl=fr\" target=\"_blank\" rel=\"noopener\">#germainpatronsanouk<\/a> ; <a href=\"https:\/\/www.instagram.com\/explore\/tags\/germainpatrons\/?hl=fr\" target=\"_blank\" rel=\"noopener\">#germainpatrons<\/a><\/p>\n","protected":false},"featured_media":11614,"template":"","meta":{"_et_pb_use_builder":"","_et_pb_old_content":"Vous r\u00eaviez d\u2019enfiler une robe et de vous sentir belle comme par magie ?\r\n\r\nVoici Ano\u00ef, la robe qu\u2019on ne quittera pas de l\u2019\u00e9t\u00e9.\r\n\r\nD\u00e9collet\u00e9e devant et dos, ni trop ni pas assez, de jolis d\u00e9tails de liens \u00e0 nouer, une jupe longue avec des volants sur le bas, comment ne pas succomber ?\r\n\r\nParfaite de jour comme de nuit, le tissu que vous choisirez lui donnera une allure compl\u00e8tement diff\u00e9rente :\r\n\r\nUne gaze de coton, un lin, pour des chaudes journ\u00e9es d\u2019\u00e9t\u00e9\r\n\r\nUne belle soie, un cr\u00eape l\u00e9ger satin\u00e9e pour une soir\u00e9e en amoureux\r\n\r\n\u00c0 vous d\u2019imaginer vos versions !\r\n\r\n[divi_shortcode id=\"10580\"]","_et_gb_content_width":""},"product_brand":[],"product_cat":[64,36,37,75],"product_tag":[30,49,57],"class_list":{"0":"post-10548","1":"product","2":"type-product","3":"status-publish","4":"has-post-thumbnail","6":"product_cat-robes-et-jupes-34-48-fr","7":"product_cat-patrons-de-couture-femmes-34-48-fr","8":"product_cat-patrons-de-couture-femmes-46-60-fr","9":"product_cat-robes-et-jupes-46-60-fr","10":"product_tag-30","11":"product_tag-robe","12":"product_tag-robes-et-jupes","13":"pa_formats-pdf-34-48-fr","14":"pa_formats-pdf-46-60-fr","15":"pa_formats-pochette-34-48-fr","16":"pa_formats-pochette-46-60-fr","17":"wcmi-has-gallery","19":"first","20":"instock","21":"taxable","22":"shipping-taxable","23":"purchasable","24":"product-type-variable"},"supplier_id":null,"supplier_sku":"","barcode":null,"atum_controlled":true,"out_stock_date":null,"out_stock_threshold":null,"inheritable":false,"inbound_stock":0,"stock_on_hold":2,"sold_today":0,"sales_last_days":5,"reserved_stock":0,"customer_returns":0,"warehouse_damage":0,"lost_in_post":0,"other_logs":0,"out_stock_days":0,"lost_sales":0,"has_location":false,"update_date":"2026-04-12T00:11:27","atum_locations":[],"atum_stock_status":"instock","restock_status":false,"low_stock_amount":"","sales_update_date":"2026-04-12T00:11:27","calc_backorders":null,"jetpack_sharing_enabled":true,"_links":{"self":[{"href":"https:\/\/germainpatrons.com\/en\/wp-json\/wp\/v2\/product\/10548","targetHints":{"allow":["GET"]}}],"collection":[{"href":"https:\/\/germainpatrons.com\/en\/wp-json\/wp\/v2\/product"}],"about":[{"href":"https:\/\/germainpatrons.com\/en\/wp-json\/wp\/v2\/types\/product"}],"wp:featuredmedia":[{"embeddable":true,"href":"https:\/\/germainpatrons.com\/en\/wp-json\/wp\/v2\/media\/11614"}],"wp:attachment":[{"href":"https:\/\/germainpatrons.com\/en\/wp-json\/wp\/v2\/media?parent=10548"}],"wp:term":[{"taxonomy":"product_brand","embeddable":true,"href":"https:\/\/germainpatrons.com\/en\/wp-json\/wp\/v2\/product_brand?post=10548"},{"taxonomy":"product_cat","embeddable":true,"href":"https:\/\/germainpatrons.com\/en\/wp-json\/wp\/v2\/product_cat?post=10548"},{"taxonomy":"product_tag","embeddable":true,"href":"https:\/\/germainpatrons.com\/en\/wp-json\/wp\/v2\/product_tag?post=10548"}],"curies":[{"name":"wp","href":"https:\/\/api.w.org\/{rel}","templated":true}]}}