{"id":12283,"date":"2024-05-25T23:17:29","date_gmt":"2024-05-25T21:17:29","guid":{"rendered":"https:\/\/germainpatrons.com\/?post_type=product&#038;p=12283"},"modified":"2024-06-25T09:27:09","modified_gmt":"2024-06-25T07:27:09","slug":"loulou","status":"publish","type":"product","link":"https:\/\/germainpatrons.com\/en\/loulou\/","title":{"rendered":"Loulou"},"content":{"rendered":"<blockquote>\n<div dir=\"ltr\">\n<h2>Patron ensemble short\/polo Loulou en PDF<\/h2>\n<p style=\"font-weight: 400;\">Chouchou &amp; Loulou\u00a0: l\u2019ensemble matchy\/matchy \u00e0 porter en couple\u00a0!<\/p>\n<p style=\"font-weight: 400;\">Vous cherchez du style, du confort et de l\u2019harmonie pour votre garde-robe d\u2019\u00e9t\u00e9\u00a0?<\/p>\n<p style=\"font-weight: 400;\">Chouchou pour les filles et Loulou pour les gar\u00e7ons, sont deux ensembles coordonn\u00e9s short\/polo que l\u2019on peut \u00e9changer \u00e0 souhait.<\/p>\n<p style=\"font-weight: 400;\">Chacun choisira la version dans laquelle il se sent le plus \u00e0 l\u2019aise.<\/p>\n<p style=\"font-weight: 400;\">Vous cr\u00e9erez des looks harmonieux et confortables dans des tissus tout doux comme le jersey \u00e9ponge, la double gaze ou d\u2019autres mati\u00e8res respirantes pour les temp\u00e9ratures estivales.<\/p>\n<p style=\"font-weight: 400;\">Pas besoin de r\u00e9fl\u00e9chir pour s\u2019habiller, ces ensembles s\u2019accordent parfaitement, ils offrent un look chic et soign\u00e9 tout en restant d\u00e9contract\u00e9s, parfaits pour les saisons chaudes. Le polo style vareuse est un classique qui ne se d\u00e9mode jamais, il pourra aussi se porter seul le soir sur un pantalon.<\/p>\n<p style=\"font-weight: 400;\">L\u2019ensemble short et polo peut convenir \u00e0 diverses occasions. Il peut \u00eatre port\u00e9 pour une journ\u00e9e d\u00e9contract\u00e9e, une sortie en plein air, ou m\u00eame des \u00e9v\u00e9nements semi-formels selon le style du polo.<\/p>\n<p style=\"font-weight: 400;\">Les patrons Chouchou et Loulou sont vendus s\u00e9par\u00e9ment.<\/p>\n<p style=\"font-weight: 400;\">Vous avez la possibilit\u00e9 \u00e9galement d\u2019acheter le pack Chouchou&amp;Loulou.<\/p>\n<\/div>\n<p>&nbsp;<\/p>\n<p>&nbsp;<\/p>\n<div dir=\"ltr\">\n<p>&nbsp;<\/p>\n<p>&nbsp;<\/p>\n<\/div>\n<\/blockquote>\n[et_pb_section global_module=\"12286\"][\/et_pb_section]\n","protected":false},"excerpt":{"rendered":"<h2>Patron Pdf et Pochette de l&#8217;ensemble short et polo Loulou<\/h2>\n<div class=\"dftail\"><em>Tailles : XXS au XXXL.<\/em><\/div>\n<p>&nbsp;<\/p>\n<p><em>Niveau de difficult\u00e9 : <\/em><\/p>\n<div class=\"difficulty\"><\/div>\n<div class=\"difficulty\"><\/div>\n<p>&nbsp;<\/p>\n<p>\u00c0 retrouver sur vos r\u00e9seaux : <a href=\"https:\/\/www.instagram.com\/explore\/tags\/ensembleloulou\/?hl=fr\" target=\"_blank\" rel=\"noopener\">#ensembleloulou<\/a>; <a href=\"https:\/\/www.instagram.com\/explore\/tags\/germainpatronsloulou\/?hl=fr\" target=\"_blank\" rel=\"noopener\">#germainpatronsloulou<\/a> ; <a href=\"https:\/\/www.instagram.com\/explore\/tags\/germainpatrons\/?hl=fr\" target=\"_blank\" rel=\"noopener\">#germainpatrons<\/a><\/p>\n","protected":false},"featured_media":12591,"template":"","meta":{"_et_pb_use_builder":"","_et_pb_old_content":"<blockquote>\r\n<div dir=\"ltr\">\r\n<h2>Patron ensemble short\/polo Loulou en PDF<\/h2>\r\n<p style=\"font-weight: 400;\">Chouchou &amp; Loulou\u00a0: l\u2019ensemble matchy\/matchy \u00e0 porter en couple\u00a0!<\/p>\r\n<p style=\"font-weight: 400;\">Vous cherchez du style, du confort et de l\u2019harmonie pour votre garde-robe d\u2019\u00e9t\u00e9\u00a0?<\/p>\r\n<p style=\"font-weight: 400;\">Chouchou pour les filles et Loulou pour les gar\u00e7ons, sont deux ensembles coordonn\u00e9s short\/polo que l\u2019on peut \u00e9changer \u00e0 souhait.<\/p>\r\n<p style=\"font-weight: 400;\">Chacun choisira la version dans laquelle il se sent le plus \u00e0 l\u2019aise.<\/p>\r\n<p style=\"font-weight: 400;\">Vous cr\u00e9erez des looks harmonieux et confortables dans des tissus tout doux comme le jersey \u00e9ponge, la double gaze ou d\u2019autres mati\u00e8res respirantes pour les temp\u00e9ratures estivales.<\/p>\r\n<p style=\"font-weight: 400;\">Pas besoin de r\u00e9fl\u00e9chir pour s\u2019habiller, ces ensembles s\u2019accordent parfaitement, ils offrent un look chic et soign\u00e9 tout en restant d\u00e9contract\u00e9s, parfaits pour les saisons chaudes. Le polo style vareuse est un classique qui ne se d\u00e9mode jamais, il pourra aussi se porter seul le soir sur un pantalon.<\/p>\r\n<p style=\"font-weight: 400;\">L\u2019ensemble short et polo peut convenir \u00e0 diverses occasions. Il peut \u00eatre port\u00e9 pour une journ\u00e9e d\u00e9contract\u00e9e, une sortie en plein air, ou m\u00eame des \u00e9v\u00e9nements semi-formels selon le style du polo.<\/p>\r\n<p style=\"font-weight: 400;\">Les patrons Chouchou et Loulou sont vendus s\u00e9par\u00e9ment.<\/p>\r\n<p style=\"font-weight: 400;\">Vous avez la possibilit\u00e9 \u00e9galement d\u2019acheter le pack Chouchou&amp;Loulou.<\/p>\r\n\r\n<\/div>\r\n&nbsp;\r\n\r\n&nbsp;\r\n<div dir=\"ltr\">\r\n\r\n&nbsp;\r\n\r\n&nbsp;\r\n\r\n<\/div><\/blockquote>\r\n[divi_shortcode id=\"12286\"]","_et_gb_content_width":""},"product_brand":[],"product_cat":[153,144,150,154],"product_tag":[146,175],"class_list":{"0":"post-12283","1":"product","2":"type-product","3":"status-publish","4":"has-post-thumbnail","6":"product_cat-sportswear-mixte-xxs-xxxl-fr","7":"product_cat-patrons-de-couture-hommes-xxs-xxxl-fr","8":"product_cat-patrons-de-couture-mixtes-xxs-xxxl-fr","9":"product_cat-sportswear-hommes-xxs-xxxl-fr","10":"product_tag-146","11":"product_tag-ensembleshortpolo","12":"pa_formats-adultes-mixte-pdf-fr","13":"pa_formats-adultes-mixte-pochette-fr","14":"wcmi-has-gallery","16":"first","17":"instock","18":"taxable","19":"shipping-taxable","20":"purchasable","21":"product-type-variable"},"supplier_id":null,"supplier_sku":"","barcode":null,"atum_controlled":true,"out_stock_date":null,"out_stock_threshold":null,"inheritable":false,"inbound_stock":0,"stock_on_hold":0,"sold_today":0,"sales_last_days":0,"reserved_stock":0,"customer_returns":0,"warehouse_damage":0,"lost_in_post":0,"other_logs":0,"out_stock_days":0,"lost_sales":0,"has_location":false,"update_date":"2026-04-05T02:11:44","atum_locations":[],"atum_stock_status":"instock","restock_status":false,"low_stock_amount":"","sales_update_date":"2026-04-05T02:11:44","calc_backorders":null,"jetpack_sharing_enabled":true,"_links":{"self":[{"href":"https:\/\/germainpatrons.com\/en\/wp-json\/wp\/v2\/product\/12283","targetHints":{"allow":["GET"]}}],"collection":[{"href":"https:\/\/germainpatrons.com\/en\/wp-json\/wp\/v2\/product"}],"about":[{"href":"https:\/\/germainpatrons.com\/en\/wp-json\/wp\/v2\/types\/product"}],"wp:featuredmedia":[{"embeddable":true,"href":"https:\/\/germainpatrons.com\/en\/wp-json\/wp\/v2\/media\/12591"}],"wp:attachment":[{"href":"https:\/\/germainpatrons.com\/en\/wp-json\/wp\/v2\/media?parent=12283"}],"wp:term":[{"taxonomy":"product_brand","embeddable":true,"href":"https:\/\/germainpatrons.com\/en\/wp-json\/wp\/v2\/product_brand?post=12283"},{"taxonomy":"product_cat","embeddable":true,"href":"https:\/\/germainpatrons.com\/en\/wp-json\/wp\/v2\/product_cat?post=12283"},{"taxonomy":"product_tag","embeddable":true,"href":"https:\/\/germainpatrons.com\/en\/wp-json\/wp\/v2\/product_tag?post=12283"}],"curies":[{"name":"wp","href":"https:\/\/api.w.org\/{rel}","templated":true}]}}