{"id":12832,"date":"2024-06-17T07:07:41","date_gmt":"2024-06-17T05:07:41","guid":{"rendered":"https:\/\/germainpatrons.com\/?post_type=product&#038;p=12832"},"modified":"2026-04-20T13:25:44","modified_gmt":"2026-04-20T11:25:44","slug":"vamos","status":"publish","type":"product","link":"https:\/\/germainpatrons.com\/en\/vamos\/","title":{"rendered":"Vamos"},"content":{"rendered":"<p>Vamos, l\u2019\u00e9vidence d\u2019un pantalon confort et styl\u00e9 !<\/p>\n<p>On conna\u00eet toutes ce moment o\u00f9 on ouvre nos placards, et o\u00f9 on a envie d\u2019enfiler une tenue sans r\u00e9fl\u00e9chir, un v\u00eatement dans lequel on se sente \u00e0 l\u2019aise et jolie \u00e0 la fois toute la journ\u00e9e.<br \/>\nC\u2019est ce que l\u2019on ressent en portant le pantalon VAMOS, cette sensation de \u00ab allez on y va, j\u2019enfile \u00e7a et je vais me sentir au top ! \u00bb<br \/>\nAdaptable \u00e0 toutes les situations, c\u2019est le pantalon ind\u00e9modable, facile et rapide \u00e0 coudre, qui flatte votre silhouette avec confort et \u00e9l\u00e9gance.<\/p>\n<p>Nous conseillons de le coudre dans des mati\u00e8res fluides pour garder la souplesse et la l\u00e9g\u00e8ret\u00e9 de sa ligne, telles que la viscose, le cr\u00eape l\u00e9ger, la soie, le tencel, le lin, le lin viscose, ou encore le lyocell, qui vous permettront de sublimer toutes vos versions, mais aussi d\u2019avoir un pantalon parfait en toute occasion !<\/p>\n<p>Bref, on y va !<br \/>\nVamos c\u2019est sans conteste le pantalon incontournable de notre garde-robe !<\/p>\n[et_pb_section global_module=\"13469\"][\/et_pb_section]\n","protected":false},"excerpt":{"rendered":"<div class=\"dftail\">\n<p>Vamos, l\u2019\u00e9vidence d\u2019un pantalon confort et styl\u00e9 !<\/p>\n<p><em>Tailles : 34 au 48 \/ 46 au 60.<\/em><\/p>\n<\/div>\n<div class=\"dficon\">\n<p><em>Niveau de difficult\u00e9 : <\/em><\/p>\n<div class=\"difficulty\"><\/div>\n<\/div>\n<p>\u00c0 retrouver sur vos r\u00e9seaux : <a href=\"https:\/\/www.instagram.com\/explore\/tags\/pantalonvamos\/?hl=fr\" target=\"_blank\" rel=\"noopener\">#pantalonvamos<\/a>; <a href=\"https:\/\/www.instagram.com\/explore\/tags\/germainpatronsvamos\/?hl=fr\" target=\"_blank\" rel=\"noopener\">#germainpatronsvamos<\/a> ; <a href=\"https:\/\/www.instagram.com\/explore\/tags\/germainpatrons\/?hl=fr\" target=\"_blank\" rel=\"noopener\">#germainpatrons<\/a><\/p>\n","protected":false},"featured_media":13528,"template":"","meta":{"_et_pb_use_builder":"","_et_pb_old_content":"","_et_gb_content_width":""},"product_brand":[],"product_cat":[72,68,36,37],"product_tag":[146,176],"class_list":{"0":"post-12832","1":"product","2":"type-product","3":"status-publish","4":"has-post-thumbnail","6":"product_cat-pantalons-shorts-et-combis-46-60-fr","7":"product_cat-pantalons-shorts-et-combis-34-48-fr","8":"product_cat-patrons-de-couture-femmes-34-48-fr","9":"product_cat-patrons-de-couture-femmes-46-60-fr","10":"product_tag-146","11":"product_tag-pantalon","12":"pa_formats-pdf-34-48-fr","13":"pa_formats-pdf-46-60-fr","14":"pa_formats-pochette-34-48-fr","15":"pa_formats-pochette-46-60-fr","16":"wcmi-has-gallery","18":"first","19":"instock","20":"taxable","21":"shipping-taxable","22":"purchasable","23":"product-type-variable"},"supplier_id":null,"supplier_sku":"","barcode":null,"atum_controlled":true,"out_stock_date":null,"out_stock_threshold":null,"inheritable":false,"inbound_stock":0,"stock_on_hold":35,"sold_today":2,"sales_last_days":145,"reserved_stock":0,"customer_returns":0,"warehouse_damage":0,"lost_in_post":0,"other_logs":0,"out_stock_days":0,"lost_sales":0,"has_location":false,"update_date":"2026-04-21T08:08:13","atum_locations":[],"atum_stock_status":"instock","restock_status":false,"low_stock_amount":"","sales_update_date":"2026-04-21T00:34:15","calc_backorders":null,"jetpack_sharing_enabled":true,"_links":{"self":[{"href":"https:\/\/germainpatrons.com\/en\/wp-json\/wp\/v2\/product\/12832","targetHints":{"allow":["GET"]}}],"collection":[{"href":"https:\/\/germainpatrons.com\/en\/wp-json\/wp\/v2\/product"}],"about":[{"href":"https:\/\/germainpatrons.com\/en\/wp-json\/wp\/v2\/types\/product"}],"wp:featuredmedia":[{"embeddable":true,"href":"https:\/\/germainpatrons.com\/en\/wp-json\/wp\/v2\/media\/13528"}],"wp:attachment":[{"href":"https:\/\/germainpatrons.com\/en\/wp-json\/wp\/v2\/media?parent=12832"}],"wp:term":[{"taxonomy":"product_brand","embeddable":true,"href":"https:\/\/germainpatrons.com\/en\/wp-json\/wp\/v2\/product_brand?post=12832"},{"taxonomy":"product_cat","embeddable":true,"href":"https:\/\/germainpatrons.com\/en\/wp-json\/wp\/v2\/product_cat?post=12832"},{"taxonomy":"product_tag","embeddable":true,"href":"https:\/\/germainpatrons.com\/en\/wp-json\/wp\/v2\/product_tag?post=12832"}],"curies":[{"name":"wp","href":"https:\/\/api.w.org\/{rel}","templated":true}]}}