{"id":14732,"date":"2024-09-07T11:49:47","date_gmt":"2024-09-07T09:49:47","guid":{"rendered":"https:\/\/germainpatrons.com\/?post_type=product&#038;p=14732"},"modified":"2026-04-19T13:59:23","modified_gmt":"2026-04-19T11:59:23","slug":"tessa","status":"publish","type":"product","link":"https:\/\/germainpatrons.com\/en\/tessa\/","title":{"rendered":"Tessa"},"content":{"rendered":"<p style=\"font-weight: 400;\">Tessa, l\u2019\u00e9l\u00e9gance d\u2019une chemise qui allie classicisme et modernit\u00e9\u00a0!<\/p>\n<p style=\"font-weight: 400;\">Tessa est une chemise droite, fronc\u00e9e au niveau des empi\u00e8cements devant et dos, joliment agr\u00e9ment\u00e9s de galons, surmont\u00e9s d\u2019un col mao avec volant qui offre une alternative contemporaine au col classique.<\/p>\n<p style=\"font-weight: 400;\">Nous vous proposons le choix entre une version simple ou une version avec incrustation de jours plus sophistiqu\u00e9e et technique \u00e0 r\u00e9aliser.<\/p>\n<p style=\"font-weight: 400;\">La coupe droite est adapt\u00e9e \u00e0 toutes les morphologies et donne une allure d\u00e9contract\u00e9e sans \u00eatre trop ample.<\/p>\n<p style=\"font-weight: 400;\">La dentelle ajoute une touche raffin\u00e9e et f\u00e9minine qui offre un contraste d\u00e9licat avec le tissu principal.<\/p>\n<p style=\"font-weight: 400;\">Vous la porterez aussi bien dans un cadre formel avec un pantalon tailleur tel que Margaret ou une belle jupe crayon Sharon, que lors d\u2019un week-end avec un jean.<\/p>\n<p style=\"font-weight: 400;\">Des tissus tels que cr\u00eape, twill, viscose, tencel, popeline, gaze de coton, plumetis, liberty, voile de coton, broderie anglaise\u2026sont id\u00e9als pour la r\u00e9alisation de cette petite merveille.<\/p>\n<p>&nbsp;<\/p>\n[et_pb_section global_module=\"14772\"][\/et_pb_section]\n","protected":false},"excerpt":{"rendered":"<p>Tessa, l\u2019\u00e9l\u00e9gance d\u2019une chemise qui allie classicisme et modernit\u00e9\u00a0!<\/p>\n<div class=\"dftail\"><em>Taille : du 34 au 48 et 46 au 60<\/em><\/div>\n<div class=\"dficon\">\n<p><em>Niveau de difficult\u00e9 : <\/em><\/p>\n<div class=\"difficulty\"><\/div>\n<div class=\"difficulty\"><\/div>\n<div class=\"difficulty\"><\/div>\n<\/div>\n<p>\u00c0 retrouver sur vos r\u00e9seaux : <a href=\"https:\/\/www.instagram.com\/explore\/tags\/chemisetessa\/?hl=fr\" target=\"_blank\" rel=\"noopener\">#chemisetessa<\/a> ; <a href=\"https:\/\/www.instagram.com\/explore\/tags\/germainpatronstessa\/?hl=fr\" target=\"_blank\" rel=\"noopener\">#germainpatronstessa<\/a> ; <a href=\"https:\/\/www.instagram.com\/explore\/tags\/germainpatrons\/?hl=fr\" target=\"_blank\" rel=\"noopener\">#germainpatrons<\/a><\/p>\n","protected":false},"featured_media":16298,"template":"","meta":{"_et_pb_use_builder":"","_et_pb_old_content":"<p style=\"font-weight: 400;\">Tessa, l\u2019\u00e9l\u00e9gance d\u2019une chemise qui allie classicisme et modernit\u00e9\u00a0!<\/p>\r\n<p style=\"font-weight: 400;\">Tessa est une chemise droite, fronc\u00e9e au niveau des empi\u00e8cements devant et dos, joliment agr\u00e9ment\u00e9s de galons, surmont\u00e9s d\u2019un col mao avec volant qui offre une alternative contemporaine au col classique.<\/p>\r\n<p style=\"font-weight: 400;\">Nous vous proposons le choix entre une version simple ou une version avec incrustation de jours plus sophistiqu\u00e9e et technique \u00e0 r\u00e9aliser.<\/p>\r\n<p style=\"font-weight: 400;\">La coupe droite est adapt\u00e9e \u00e0 toutes les morphologies et donne une allure d\u00e9contract\u00e9e sans \u00eatre trop ample.<\/p>\r\n<p style=\"font-weight: 400;\">La dentelle ajoute une touche raffin\u00e9e et f\u00e9minine qui offre un contraste d\u00e9licat avec le tissu principal.<\/p>\r\n<p style=\"font-weight: 400;\">Vous la porterez aussi bien dans un cadre formel avec un pantalon tailleur tel que Margaret ou une belle jupe crayon Sharon, que lors d\u2019un week-end avec un jean.<\/p>\r\n<p style=\"font-weight: 400;\">Des tissus tels que cr\u00eape, twill, viscose, tencel, popeline, gaze de coton, plumetis, liberty, voile de coton, broderie anglaise\u2026sont id\u00e9als pour la r\u00e9alisation de cette petite merveille.<\/p>\r\n\u00a0\r\n\r\n[divi_shortcode id=\"14772\"]","_et_gb_content_width":""},"product_brand":[],"product_cat":[76,36,37,65],"product_tag":[146,178],"class_list":{"0":"post-14732","1":"product","2":"type-product","3":"status-publish","4":"has-post-thumbnail","6":"product_cat-tops-et-blouses-46-60-fr","7":"product_cat-patrons-de-couture-femmes-34-48-fr","8":"product_cat-patrons-de-couture-femmes-46-60-fr","9":"product_cat-tops-et-blouses-34-48-fr","10":"product_tag-146","11":"product_tag-chemise","12":"pa_formats-pdf-34-48-fr","13":"pa_formats-pdf-46-60-fr","14":"pa_formats-pochette-34-48-fr","15":"pa_formats-pochette-46-60-fr","16":"wcmi-has-gallery","18":"first","19":"instock","20":"taxable","21":"shipping-taxable","22":"purchasable","23":"product-type-variable"},"supplier_id":null,"supplier_sku":"","barcode":null,"atum_controlled":true,"out_stock_date":null,"out_stock_threshold":null,"inheritable":false,"inbound_stock":0,"stock_on_hold":18,"sold_today":2,"sales_last_days":45,"reserved_stock":0,"customer_returns":0,"warehouse_damage":0,"lost_in_post":0,"other_logs":0,"out_stock_days":0,"lost_sales":0,"has_location":false,"update_date":"2026-04-19T11:59:25","atum_locations":[],"atum_stock_status":"instock","restock_status":false,"low_stock_amount":"","sales_update_date":"2026-04-19T00:27:19","calc_backorders":null,"jetpack_sharing_enabled":true,"_links":{"self":[{"href":"https:\/\/germainpatrons.com\/en\/wp-json\/wp\/v2\/product\/14732","targetHints":{"allow":["GET"]}}],"collection":[{"href":"https:\/\/germainpatrons.com\/en\/wp-json\/wp\/v2\/product"}],"about":[{"href":"https:\/\/germainpatrons.com\/en\/wp-json\/wp\/v2\/types\/product"}],"wp:featuredmedia":[{"embeddable":true,"href":"https:\/\/germainpatrons.com\/en\/wp-json\/wp\/v2\/media\/16298"}],"wp:attachment":[{"href":"https:\/\/germainpatrons.com\/en\/wp-json\/wp\/v2\/media?parent=14732"}],"wp:term":[{"taxonomy":"product_brand","embeddable":true,"href":"https:\/\/germainpatrons.com\/en\/wp-json\/wp\/v2\/product_brand?post=14732"},{"taxonomy":"product_cat","embeddable":true,"href":"https:\/\/germainpatrons.com\/en\/wp-json\/wp\/v2\/product_cat?post=14732"},{"taxonomy":"product_tag","embeddable":true,"href":"https:\/\/germainpatrons.com\/en\/wp-json\/wp\/v2\/product_tag?post=14732"}],"curies":[{"name":"wp","href":"https:\/\/api.w.org\/{rel}","templated":true}]}}