{"id":14737,"date":"2024-09-07T12:02:39","date_gmt":"2024-09-07T10:02:39","guid":{"rendered":"https:\/\/germainpatrons.com\/?post_type=product&#038;p=14737"},"modified":"2026-04-14T18:39:52","modified_gmt":"2026-04-14T16:39:52","slug":"moss","status":"publish","type":"product","link":"https:\/\/germainpatrons.com\/en\/moss\/","title":{"rendered":"Moss"},"content":{"rendered":"<p style=\"font-weight: 400;\">Un sweat d\u00e9collet\u00e9 V pour l\u2019hiver ?<\/p>\n<p style=\"font-weight: 400;\">Moss c\u2019est le sweat d\u00e9collet\u00e9 V avec une coupe plus longue \u00e0 l\u2019arri\u00e8re qui structure parfaitement la silhouette en masquant subtilement les hanches.Vous pouvez cr\u00e9er des looks multiples en associant au sweat Moss, legging, jean taille haute, jupe crayon, baskets, boots ou talons ou m\u00eame en jouant sur les superpositions.<\/p>\n<p style=\"font-weight: 400;\">Ces multiples combinaisons apporteront un style sport d\u00e9contract\u00e9, cool chic ou rock selon les tissus utilis\u00e9s et bords c\u00f4tes associ\u00e9s.<\/p>\n<p style=\"font-weight: 400;\">Quels que soient vos choix, moderne et original, Moss ne laissera pas indiff\u00e9rent<\/p>\n[et_pb_section global_module=\"14769\"][\/et_pb_section]\n","protected":false},"excerpt":{"rendered":"<div class=\"dftail\">\n<p>Moss, le sweat d\u00e9collet\u00e9 V plus long dans le dos !<\/p>\n<p><em>Tailles : 34 au 48 \/ 46 au 60.<br \/>\n<\/em><\/p>\n<\/div>\n<div class=\"dficon\">\n<p><em>Niveau de difficult\u00e9 : <\/em><\/p>\n<div class=\"difficulty\"><\/div>\n<\/div>\n<div class=\"difficulty\"><\/div>\n<p>\u00c0 retrouver sur vos r\u00e9seaux : <a href=\"https:\/\/www.instagram.com\/explore\/tags\/sweatmoss\/?hl=fr\" target=\"_blank\" rel=\"noopener\">#sweatmoss<\/a>\u00a0<a href=\"https:\/\/www.instagram.com\/explore\/tags\/germainpatronsmoss\/?hl=fr\" target=\"_blank\" rel=\"noopener\">#germainpatronsmoss<\/a> ; <a href=\"https:\/\/www.instagram.com\/explore\/tags\/germainpatrons\/?hl=fr\" target=\"_blank\" rel=\"noopener\">#germainpatrons<\/a><\/p>\n","protected":false},"featured_media":15593,"template":"","meta":{"_et_pb_use_builder":"off","_et_pb_old_content":"<p style=\"font-weight: 400\">SAIL, la marini\u00e8re intemporelle subtilement sexy\u00a0!<\/p>\r\n<p style=\"font-weight: 400\">1<sup>\u00e8re<\/sup> pi\u00e8ce de la collection Automne-Hiver 2024, Sail est un basique du vestiaire fran\u00e7ais, \u00e9l\u00e9gamment revisit\u00e9 avec un d\u00e9collet\u00e9 V dans le dos qui apporte modernit\u00e9 et f\u00e9minit\u00e9 \u00e0 cette marini\u00e8re unique.<\/p>\r\n<p style=\"font-weight: 400\">Le d\u00e9collet\u00e9 V de la marini\u00e8re Sail met d\u00e9licatement votre nuque et votre dos en valeur tout en restant chic et raffin\u00e9e.<\/p>\r\n<p style=\"font-weight: 400\">Sail est une pi\u00e8ce must-have de la garde-robe, vous pouvez cr\u00e9er des looks originaux et contemporains\u00a0: style d\u00e9contract\u00e9 avec un short ou un jean ou plus sophistiqu\u00e9 avec une jupe crayon (notre Sharon par exemple) ou un pantalon habill\u00e9 quelle que soit la saison.<\/p>\r\n<p style=\"font-weight: 400\">Laissez aller votre cr\u00e9ativit\u00e9 et d\u00e9clinez Sail dans des mati\u00e8res et couleurs comme molleton, tissu sweat, jersey, jersey velours...ou tentez m\u00eame la version sans manches, vous en serez tr\u00e8s vite addict \u2026<\/p>\r\n[divi_shortcode id=\"14132\"]","_et_gb_content_width":""},"product_brand":[],"product_cat":[76,185,63,71,65],"product_tag":[146,179],"class_list":{"0":"post-14737","1":"product","2":"type-product","3":"status-publish","4":"has-post-thumbnail","6":"product_cat-tops-et-blouses-46-60-fr","7":"product_cat-patrons-de-couture-adultes-xs-3xl-fr","8":"product_cat-sportswear-34-48-fr","9":"product_cat-sportswear-46-60-fr","10":"product_cat-tops-et-blouses-34-48-fr","11":"product_tag-146","12":"product_tag-sweat","13":"pa_formats-adulte-l-3xl-pdf-fr","14":"pa_formats-adulte-xs-l-pdf-fr","15":"pa_formats-adulte-l-3xl-pochette-fr","16":"pa_formats-adulte-xs-l-pochette-fr","17":"wcmi-has-gallery","19":"first","20":"instock","21":"taxable","22":"shipping-taxable","23":"purchasable","24":"product-type-variable"},"supplier_id":null,"supplier_sku":"","barcode":null,"atum_controlled":true,"out_stock_date":null,"out_stock_threshold":null,"inheritable":false,"inbound_stock":0,"stock_on_hold":6,"sold_today":0,"sales_last_days":12,"reserved_stock":0,"customer_returns":0,"warehouse_damage":0,"lost_in_post":0,"other_logs":0,"out_stock_days":0,"lost_sales":0,"has_location":false,"update_date":"2026-04-20T00:27:14","atum_locations":[],"atum_stock_status":"instock","restock_status":false,"low_stock_amount":"","sales_update_date":"2026-04-20T00:27:14","calc_backorders":null,"jetpack_sharing_enabled":true,"_links":{"self":[{"href":"https:\/\/germainpatrons.com\/en\/wp-json\/wp\/v2\/product\/14737","targetHints":{"allow":["GET"]}}],"collection":[{"href":"https:\/\/germainpatrons.com\/en\/wp-json\/wp\/v2\/product"}],"about":[{"href":"https:\/\/germainpatrons.com\/en\/wp-json\/wp\/v2\/types\/product"}],"wp:featuredmedia":[{"embeddable":true,"href":"https:\/\/germainpatrons.com\/en\/wp-json\/wp\/v2\/media\/15593"}],"wp:attachment":[{"href":"https:\/\/germainpatrons.com\/en\/wp-json\/wp\/v2\/media?parent=14737"}],"wp:term":[{"taxonomy":"product_brand","embeddable":true,"href":"https:\/\/germainpatrons.com\/en\/wp-json\/wp\/v2\/product_brand?post=14737"},{"taxonomy":"product_cat","embeddable":true,"href":"https:\/\/germainpatrons.com\/en\/wp-json\/wp\/v2\/product_cat?post=14737"},{"taxonomy":"product_tag","embeddable":true,"href":"https:\/\/germainpatrons.com\/en\/wp-json\/wp\/v2\/product_tag?post=14737"}],"curies":[{"name":"wp","href":"https:\/\/api.w.org\/{rel}","templated":true}]}}