{"id":14752,"date":"2024-09-07T16:55:11","date_gmt":"2024-09-07T14:55:11","guid":{"rendered":"https:\/\/germainpatrons.com\/?post_type=product&#038;p=14752"},"modified":"2026-04-14T12:19:52","modified_gmt":"2026-04-14T10:19:52","slug":"oxford","status":"publish","type":"product","link":"https:\/\/germainpatrons.com\/en\/oxford\/","title":{"rendered":"Oxford"},"content":{"rendered":"<p style=\"font-weight: 400;\">Oxford, la veste tailleur incontournable de votre garde-robe\u00a0!<\/p>\n<p style=\"font-weight: 400;\">Oxford, c\u2019est le classique ind\u00e9modable qui va traverser les saisons et les styles.<\/p>\n<p style=\"font-weight: 400;\">Une pi\u00e8ce forte de votre dressing que vous pourrez associer avec un pantalon tailleur ou une jupe crayon tel que nos patrons Margaret ou Sharon pour une allure professionnelle working girl pleine d\u2019assurance.<\/p>\n<p style=\"font-weight: 400;\">Pour un look plus d\u00e9contract\u00e9, chic et moderne portez la avec un jean et de jolies baskets.<\/p>\n<p style=\"font-weight: 400;\">Vous pouvez m\u00eame aller jusqu\u2019au sweat capuche en superposition pour un look vraiment sport en la surtaillant l\u00e9g\u00e8rement.<\/p>\n<p style=\"font-weight: 400;\">En fonction des mati\u00e8res choisies (laine, tissu tailleur, coton, lin\u2026) Oxford sera confortable tout en restant \u00e9l\u00e9gante.<\/p>\n<p style=\"font-weight: 400;\">En r\u00e9sum\u00e9 on adopte Oxford cette saison et on la d\u00e9cline \u00e0 souhait en suivant le tuto ultra d\u00e9taill\u00e9 de Mlle Cyrielle sur You Tube.<\/p>\n<p>Pour information nous vous proposons 2 patrons bien distincts et 6 versions : une veste tailleur manches longues et une veste tailleur sans manches tr\u00e8s tendance cette saison, avec 2 options pour vos bas de manches et 2 possibilit\u00e9s de poches, passepoil\u00e9es ou plaqu\u00e9es. Le prix du pack PDF est de 15 euros, nous souhaitions pouvoir r\u00e9pondre \u00e0 toutes vos inspirations \u00e0 un co\u00fbt raisonnable.<\/p>\n[et_pb_section global_module=\"14770\"][\/et_pb_section]\n","protected":false},"excerpt":{"rendered":"<p style=\"font-weight: 400;\">Oxford, la veste tailleur incontournable de votre garde-robe\u00a0!<\/p>\n<p style=\"font-weight: 400;\">Oxford est propos\u00e9e en Pack de 2 patrons et 6 versions au prix exceptionnel de 15 euros : une veste tailleur manches longues et une veste tailleur sans manches tr\u00e8s tendance cette saison, avec 2 options pour vos bas de manches et 2 possibilit\u00e9s de poches, passepoil\u00e9es ou plaqu\u00e9es.<\/p>\n<div class=\"dftail\"><em>Tailles : 34 au 48 \/ 46 au 60.<\/em><\/div>\n<div class=\"dficon\">\n<p><em>Niveau de difficult\u00e9 : <\/em><\/p>\n<div class=\"difficulty\"><\/div>\n<div class=\"difficulty\"><\/div>\n<div class=\"difficulty\"><\/div>\n<\/div>\n<p>\u00c0 retrouver sur vos r\u00e9seaux : <a href=\"https:\/\/www.instagram.com\/explore\/tags\/vesteoxford\/?hl=fr\" target=\"_blank\" rel=\"noopener\">#vesteoxford<\/a>; <a href=\"https:\/\/www.instagram.com\/explore\/tags\/germainpatronsoxford\/?hl=fr\" target=\"_blank\" rel=\"noopener\">#germainpatronsoxford<\/a> ; <a href=\"https:\/\/www.instagram.com\/explore\/tags\/germainpatrons\/?hl=fr\" target=\"_blank\" rel=\"noopener\">#germainpatrons<\/a><\/p>\n","protected":false},"featured_media":15742,"template":"","meta":{"_et_pb_use_builder":"off","_et_pb_old_content":"<p style=\"font-weight: 400;\">Rachel, le manteau pour bouger en libert\u00e9\u00a0!<\/p>\r\n<p style=\"font-weight: 400;\">Rachel est un manteau sans manches ceintur\u00e9 qui peut \u00eatre port\u00e9 tout au long de l\u2019ann\u00e9e.<\/p>\r\n<p style=\"font-weight: 400;\">Facile \u00e0 enfiler, il peut \u00eatre port\u00e9 ouvert ou ferm\u00e9. Vous pourrez le superposer sur des pulls pour plus de chaleur ou l\u2019utiliser dans des mati\u00e8res plus l\u00e9g\u00e8res comme le lin pour le printemps et ajouter une touche d\u2019\u00e9l\u00e9gance \u00e0 votre tenue.<\/p>\r\n<p style=\"font-weight: 400;\">Il vous procure une libert\u00e9 totale de mouvement pour les bras que ce soit pour conduire, faire du sport, travailler ou une s\u00e9ance shopping.<\/p>\r\n<p style=\"font-weight: 400;\">Vous pourrez d\u00e9cliner les versions et les styles, d\u00e9contract\u00e9 ou plus formel selon les tissus utilis\u00e9s, il est facile \u00e0 assortir \u00e0 vos diff\u00e9rentes tenues.<\/p>\r\n<p style=\"font-weight: 400;\">Nous vous proposons \u00e9galement une version avec manches et capuche ou version veste courte ceintur\u00e9e. Rachel est un patron multi-versions qui r\u00e9pond \u00e0 toutes les situations, il est \u00e0 composer \u00e0 votre gr\u00e9. Le must have pour le printemps est le mod\u00e8le Trench de Rachel !<\/p>\r\n[divi_shortcode id=\"6532\"]","_et_gb_content_width":""},"product_brand":[],"product_cat":[73,67,36,37],"product_tag":[146,157],"class_list":{"0":"post-14752","1":"product","2":"type-product","3":"status-publish","4":"has-post-thumbnail","6":"product_cat-manteaux-et-vestes-46-60-fr","7":"product_cat-manteaux-et-vestes-34-48-fr","8":"product_cat-patrons-de-couture-femmes-34-48-fr","9":"product_cat-patrons-de-couture-femmes-46-60-fr","10":"product_tag-146","11":"product_tag-veste","12":"pa_formats-pdf-34-48-fr","13":"pa_formats-pdf-46-60-fr","14":"pa_formats-pochette-34-48-fr","15":"pa_formats-pochette-46-60-fr","16":"wcmi-has-gallery","18":"first","19":"instock","20":"taxable","21":"shipping-taxable","22":"purchasable","23":"product-type-variable"},"supplier_id":null,"supplier_sku":"","barcode":null,"atum_controlled":true,"out_stock_date":null,"out_stock_threshold":null,"inheritable":false,"inbound_stock":0,"stock_on_hold":6,"sold_today":2,"sales_last_days":26,"reserved_stock":0,"customer_returns":0,"warehouse_damage":0,"lost_in_post":0,"other_logs":0,"out_stock_days":0,"lost_sales":0,"has_location":false,"update_date":"2026-04-15T12:30:46","atum_locations":[],"atum_stock_status":"instock","restock_status":false,"low_stock_amount":"","sales_update_date":"2026-04-13T00:11:59","calc_backorders":null,"jetpack_sharing_enabled":true,"_links":{"self":[{"href":"https:\/\/germainpatrons.com\/en\/wp-json\/wp\/v2\/product\/14752","targetHints":{"allow":["GET"]}}],"collection":[{"href":"https:\/\/germainpatrons.com\/en\/wp-json\/wp\/v2\/product"}],"about":[{"href":"https:\/\/germainpatrons.com\/en\/wp-json\/wp\/v2\/types\/product"}],"wp:featuredmedia":[{"embeddable":true,"href":"https:\/\/germainpatrons.com\/en\/wp-json\/wp\/v2\/media\/15742"}],"wp:attachment":[{"href":"https:\/\/germainpatrons.com\/en\/wp-json\/wp\/v2\/media?parent=14752"}],"wp:term":[{"taxonomy":"product_brand","embeddable":true,"href":"https:\/\/germainpatrons.com\/en\/wp-json\/wp\/v2\/product_brand?post=14752"},{"taxonomy":"product_cat","embeddable":true,"href":"https:\/\/germainpatrons.com\/en\/wp-json\/wp\/v2\/product_cat?post=14752"},{"taxonomy":"product_tag","embeddable":true,"href":"https:\/\/germainpatrons.com\/en\/wp-json\/wp\/v2\/product_tag?post=14752"}],"curies":[{"name":"wp","href":"https:\/\/api.w.org\/{rel}","templated":true}]}}