{"id":16909,"date":"2025-01-08T08:12:21","date_gmt":"2025-01-08T07:12:21","guid":{"rendered":"https:\/\/germainpatrons.com\/?post_type=product&#038;p=16909"},"modified":"2026-04-02T15:05:24","modified_gmt":"2026-04-02T13:05:24","slug":"melrose","status":"publish","type":"product","link":"https:\/\/germainpatrons.com\/en\/melrose\/","title":{"rendered":"MELROSE"},"content":{"rendered":"<div>D\u00e9couvrez le patron de veste bombers r\u00e9versible Melrose: style, confort et cr\u00e9ativit\u00e9 au rendez-vous !<\/div>\n<div><\/div>\n<div>Envie de coudre une pi\u00e8ce \u00e0 la fois tendance, pratique et unique ? Le bombers r\u00e9versible Melrose est le projet parfait ! Avec ses manches raglan \u00e9l\u00e9gantes, sa coupe moderne et d\u00e9contract\u00e9e, et son option r\u00e9versible, ce mod\u00e8le vous permet de cr\u00e9er deux vestes en une et d\u2019adapter votre style selon votre humeur.<\/div>\n<div>Optez pour un col montant zipp\u00e9, ou en bord c\u00f4te, des poches plaqu\u00e9es d\u2019un c\u00f4t\u00e9 et passepoil\u00e9es de l\u2019autre, peu importe les options choisies, votre bomber \u00e9patera les amateurs de style !<\/div>\n<div><\/div>\n<div>Osez la gabardine, le matelass\u00e9, le sequin, le velours, le satin ou m\u00eame un imprim\u00e9 fleuri ! Ajoutez des bord-c\u00f4tes color\u00e9s, une doublure flashy ou des d\u00e9tails brod\u00e9s pour une veste qui vous ressemble.<\/div>\n<div>Les possibilit\u00e9s sont infinies, et vous n\u2019allez plus pouvoir vous arr\u00eater d\u2019imaginer votre prochaine version!<\/div>\n<div><\/div>\n<div>Alors, pr\u00eate \u00e0 donner vie \u00e0 votre bombers r\u00e9versible et \u00e0 le porter fi\u00e8rement en toute saison?<\/div>\n<div>\u00c0 vos machines !<\/div>\n<p>&nbsp;<\/p>\n[et_pb_section global_module=\"17794\"][\/et_pb_section]\n","protected":false},"excerpt":{"rendered":"<p><!-- div style=\"border: dashed 1px #e7207a; padding: 1em; border-radius: 0.5em 0.5em 0.5em 0.5em; text-align: center; font-weight: 500; margin-bottom: 1em; color: #e7207a !important;\">Patron au format pochette en r\u00e9assort,<br \/>livraisons estim\u00e9es sous quinze jours.<\/div -->\n<div>D\u00e9couvrez le patron de veste bombers r\u00e9versible Melrose: style, confort et cr\u00e9ativit\u00e9 au rendez-vous !<\/div>\n<div><\/div>\n<div class=\"dftail\"><em>Taille : du 34 au 48 et 46 au 60<\/em><\/div>\n<div class=\"dficon\">\n<p><em>Niveau de difficult\u00e9 : <\/em><\/p>\n<div class=\"difficulty\"><\/div>\n<div class=\"difficulty\"><\/div>\n<div class=\"difficulty\"><\/div>\n<\/div>\n<p>\u00c0 retrouver sur vos r\u00e9seaux : <a href=\"https:\/\/www.instagram.com\/explore\/tags\/chemisetessa\/?hl=fr\" target=\"_blank\" rel=\"noopener\">#bombersmelrose<\/a> ; <a href=\"https:\/\/www.instagram.com\/explore\/tags\/germainpatronstessa\/?hl=fr\" target=\"_blank\" rel=\"noopener\">#germainpatronsmelrose<\/a>; <a href=\"https:\/\/www.instagram.com\/explore\/tags\/germainpatrons\/?hl=fr\" target=\"_blank\" rel=\"noopener\">#germainpatrons<\/a><\/p>\n","protected":false},"featured_media":17711,"template":"","meta":{"_et_pb_use_builder":"","_et_pb_old_content":"Velvet\r\nLe sweat confortable pour une allure chic et d\u00e9contract\u00e9e !\r\nUn sweat imagin\u00e9 en deux versions qui s\u2019adapte aussi bien aux moments d\u00e9tente \u00e0 la maison qu\u2019aux sorties d\u00e9contract\u00e9es.\r\nAmi de la fraicheur de l\u2019automne, cousu dans un tissu doux et \u00e9pais, avec son encolure ronde et ses manches longues, il vous tiendra chaud dans vos diverses activit\u00e9s.\r\nSelon vos envies cousez la version manches classiques et jouez avec les couleurs des bords c\u00f4tes au bas des manches ou \u00e0 la taille\u2026\r\nOu alors optez pour le mod\u00e8le avec les plis creux en t\u00eates de manches, taille et bas de manches dans le m\u00eame tissu.\r\nAinsi vous avez le choix entre une multitude de styles, look d\u00e9contract\u00e9 avec jean ou pantalon et baskets, en superposition sous une veste en jean ou un blazer pour une touche originale, en mode sportive avec un pantalon de sport, f\u00e9minin et chic en cousant une ou deux tailles au-dessus et associ\u00e9 \u00e0 une jupe longue ajust\u00e9e, et personnalisez tous ces looks avec casquette, bijoux, \u00e9charpe\u2026.\r\nAmusez-vous \u00e0 exp\u00e9rimenter diff\u00e9rents styles, osez la couleur et m\u00eame le multi-couleurs\r\n\r\n\u00a0\r\n\r\n[divi_shortcode id=\"6078\"]","_et_gb_content_width":""},"product_brand":[],"product_cat":[73,67,36,37],"product_tag":[187,189,157],"class_list":{"0":"post-16909","1":"product","2":"type-product","3":"status-publish","4":"has-post-thumbnail","6":"product_cat-manteaux-et-vestes-46-60-fr","7":"product_cat-manteaux-et-vestes-34-48-fr","8":"product_cat-patrons-de-couture-femmes-34-48-fr","9":"product_cat-patrons-de-couture-femmes-46-60-fr","10":"product_tag-187","11":"product_tag-bombers","12":"product_tag-veste","13":"pa_formats-pdf-34-48-fr","14":"pa_formats-pdf-46-60-fr","15":"pa_formats-pochette-34-48-fr","16":"pa_formats-pochette-46-60-fr","17":"wcmi-has-gallery","19":"first","20":"instock","21":"taxable","22":"shipping-taxable","23":"purchasable","24":"product-type-variable"},"supplier_id":null,"supplier_sku":"","barcode":null,"atum_controlled":true,"out_stock_date":null,"out_stock_threshold":null,"inheritable":true,"inbound_stock":0,"stock_on_hold":6,"sold_today":2,"sales_last_days":15,"reserved_stock":0,"customer_returns":0,"warehouse_damage":0,"lost_in_post":0,"other_logs":0,"out_stock_days":0,"lost_sales":0,"has_location":false,"update_date":"2026-04-12T13:15:23","atum_locations":[],"atum_stock_status":"instock","restock_status":false,"low_stock_amount":"","sales_update_date":"2026-04-12T00:11:31","calc_backorders":null,"jetpack_sharing_enabled":true,"_links":{"self":[{"href":"https:\/\/germainpatrons.com\/en\/wp-json\/wp\/v2\/product\/16909","targetHints":{"allow":["GET"]}}],"collection":[{"href":"https:\/\/germainpatrons.com\/en\/wp-json\/wp\/v2\/product"}],"about":[{"href":"https:\/\/germainpatrons.com\/en\/wp-json\/wp\/v2\/types\/product"}],"wp:featuredmedia":[{"embeddable":true,"href":"https:\/\/germainpatrons.com\/en\/wp-json\/wp\/v2\/media\/17711"}],"wp:attachment":[{"href":"https:\/\/germainpatrons.com\/en\/wp-json\/wp\/v2\/media?parent=16909"}],"wp:term":[{"taxonomy":"product_brand","embeddable":true,"href":"https:\/\/germainpatrons.com\/en\/wp-json\/wp\/v2\/product_brand?post=16909"},{"taxonomy":"product_cat","embeddable":true,"href":"https:\/\/germainpatrons.com\/en\/wp-json\/wp\/v2\/product_cat?post=16909"},{"taxonomy":"product_tag","embeddable":true,"href":"https:\/\/germainpatrons.com\/en\/wp-json\/wp\/v2\/product_tag?post=16909"}],"curies":[{"name":"wp","href":"https:\/\/api.w.org\/{rel}","templated":true}]}}