{"id":2243,"date":"2023-05-27T22:30:09","date_gmt":"2023-05-27T20:30:09","guid":{"rendered":"https:\/\/germainpatrons.com\/?post_type=product&#038;p=2243"},"modified":"2026-04-25T16:03:45","modified_gmt":"2026-04-25T14:03:45","slug":"romeo","status":"publish","type":"product","link":"https:\/\/germainpatrons.com\/en\/romeo\/","title":{"rendered":"Rom\u00e9o"},"content":{"rendered":"<p>Must have de l\u2019\u00e9t\u00e9 : le poncho Rom\u00e9o<br \/>\nLe poncho Rom\u00e9o est l\u2019accessoire incontournable pour tous ceux qui aiment passer du temps \u00e0 la plage.<br \/>\nPratique et vite enfil\u00e9, vous vous changez facilement au bord de l\u2019eau, sans avoir \u00e0 chercher un endroit \u00e0 l\u2019abri des regards. Fabriqu\u00e9 \u00e0 partir de mat\u00e9riaux doux il est confortable et agr\u00e9able \u00e0 porter. Il vous prot\u00e8ge du soleil et vous permet de rester au sec tout en profitant de votre journ\u00e9e de plage. Amusez-vous \u00e0 mixer les couleurs pour en faire un accessoire design inspir\u00e9 du poncho de surfer ou plus sage pour une version cocooning \u00e0 la maison.<br \/>\nNous vous proposons le patron enfant avec 2 tailles : 4 au 10 ans et 10 au 16 ans. Un patron adulte mixte est disponible avec une taille unique femmes et une taille unique hommes, toute la famille profitera ainsi du confort \u00a0d&#8217;un joli poncho.<br \/>\nPliez le facilement et glissez-le dans votre sac Germain Paris Giuseppe, vous allez faire des envieux sur la plage !<\/p>\n[et_pb_section global_module=\"2437\"][\/et_pb_section]\n","protected":false},"excerpt":{"rendered":"<p>Must have de l\u2019\u00e9t\u00e9 : le poncho Rom\u00e9o<br \/>\nLe poncho Rom\u00e9o est l\u2019accessoire incontournable pour tous ceux qui aiment passer du temps \u00e0 la plage.<\/p>\n<h4>Adultes femmes et hommes<\/h4>\n<div class=\"dftail\"><em>Tailles : femme \/ homme.<\/em><\/div>\n<div class=\"dficon\">\n<p><em>Niveau de difficult\u00e9 : <\/em><\/p>\n<div class=\"difficulty\"><\/div>\n<\/div>\n<h4>Enfants bambins et ados<\/h4>\n<div class=\"dftail\"><em>Tailles : 4 au 10 ans \/ 12 au 16 ans.<\/em><\/div>\n<div class=\"dficon\">\n<p><em>Niveau de difficult\u00e9 : <\/em><\/p>\n<div class=\"difficulty\"><\/div>\n<\/div>\n<p>\u00c0 retrouver sur vos r\u00e9seaux : <a href=\"https:\/\/www.instagram.com\/explore\/tags\/ponchoromeo\/?hl=fr\" target=\"_blank\" rel=\"noopener\">#ponchoromeo<\/a> ; <a href=\"https:\/\/www.instagram.com\/explore\/tags\/germainpatronsromeo\/?hl=fr\" target=\"_blank\" rel=\"noopener\">#germainpatronsromeo<\/a> ; <a href=\"https:\/\/www.instagram.com\/explore\/tags\/germainpatrons\/?hl=fr\" target=\"_blank\" rel=\"noopener\">#germainpatrons<\/a><\/p>\n","protected":false},"featured_media":2748,"template":"","meta":{"_et_pb_use_builder":"","_et_pb_old_content":"","_et_gb_content_width":""},"product_brand":[],"product_cat":[63,95,36,37,94,144,150,97,98,71,153,154],"product_tag":[30],"class_list":{"0":"post-2243","1":"product","2":"type-product","3":"status-publish","4":"has-post-thumbnail","6":"product_cat-sportswear-34-48-fr","7":"product_cat-patrons-de-couture-enfants-2-16-ans-fr","8":"product_cat-patrons-de-couture-femmes-34-48-fr","9":"product_cat-patrons-de-couture-femmes-46-60-fr","10":"product_cat-patrons-de-couture-hommes-xs-xxxl-fr","11":"product_cat-patrons-de-couture-hommes-xxs-xxxl-fr","12":"product_cat-patrons-de-couture-mixtes-xxs-xxxl-fr","13":"product_cat-sportswear-xs-xxxl-fr","14":"product_cat-sportswear-2-16-ans-fr","15":"product_cat-sportswear-46-60-fr","16":"product_cat-sportswear-mixte-xxs-xxxl-fr","17":"product_cat-sportswear-hommes-xxs-xxxl-fr","18":"product_tag-30","19":"pa_formats-adultes-mixte-pdf-fr","20":"pa_formats-adultes-mixte-pochette-fr","21":"pa_formats-enfant-pdf-fr","22":"pa_formats-enfant-pochette-fr","23":"pa_formats-pdf-fr","24":"pa_formats-pochette-fr","25":"wcmi-has-gallery","27":"first","28":"instock","29":"taxable","30":"shipping-taxable","31":"purchasable","32":"product-type-variable"},"supplier_id":null,"supplier_sku":"","barcode":null,"atum_controlled":true,"out_stock_date":null,"out_stock_threshold":null,"inheritable":false,"inbound_stock":0,"stock_on_hold":6,"sold_today":0,"sales_last_days":42,"reserved_stock":0,"customer_returns":0,"warehouse_damage":0,"lost_in_post":0,"other_logs":0,"out_stock_days":0,"lost_sales":0,"has_location":false,"update_date":"2026-04-26T00:41:41","atum_locations":[],"atum_stock_status":"instock","restock_status":false,"low_stock_amount":"","sales_update_date":"2026-04-26T00:41:41","calc_backorders":null,"jetpack_sharing_enabled":true,"_links":{"self":[{"href":"https:\/\/germainpatrons.com\/en\/wp-json\/wp\/v2\/product\/2243","targetHints":{"allow":["GET"]}}],"collection":[{"href":"https:\/\/germainpatrons.com\/en\/wp-json\/wp\/v2\/product"}],"about":[{"href":"https:\/\/germainpatrons.com\/en\/wp-json\/wp\/v2\/types\/product"}],"wp:featuredmedia":[{"embeddable":true,"href":"https:\/\/germainpatrons.com\/en\/wp-json\/wp\/v2\/media\/2748"}],"wp:attachment":[{"href":"https:\/\/germainpatrons.com\/en\/wp-json\/wp\/v2\/media?parent=2243"}],"wp:term":[{"taxonomy":"product_brand","embeddable":true,"href":"https:\/\/germainpatrons.com\/en\/wp-json\/wp\/v2\/product_brand?post=2243"},{"taxonomy":"product_cat","embeddable":true,"href":"https:\/\/germainpatrons.com\/en\/wp-json\/wp\/v2\/product_cat?post=2243"},{"taxonomy":"product_tag","embeddable":true,"href":"https:\/\/germainpatrons.com\/en\/wp-json\/wp\/v2\/product_tag?post=2243"}],"curies":[{"name":"wp","href":"https:\/\/api.w.org\/{rel}","templated":true}]}}