{"id":23360,"date":"2025-09-22T19:15:48","date_gmt":"2025-09-22T17:15:48","guid":{"rendered":"https:\/\/germainpatrons.com\/?post_type=product&#038;p=23360"},"modified":"2026-04-08T13:44:02","modified_gmt":"2026-04-08T11:44:02","slug":"louison","status":"publish","type":"product","link":"https:\/\/germainpatrons.com\/en\/louison\/","title":{"rendered":"LOUISON"},"content":{"rendered":"<div>\n<p class=\"p\"><b>Louison, la pi\u00e8ce cam\u00e9l\u00e9on de votre garde-robe handmade<\/b><\/p>\n<\/div>\n<div>\n<p class=\"p\">\n<\/div>\n<div>\n<p class=\"p\">Blouse ou robe ? Avec Louison, pas besoin de choisir : ce patron polyvalent vous accompagne aussi bien au quotidien que pour les moments plus habill\u00e9s.<\/p>\n<\/div>\n<div>\n<p class=\"p\">On craque pour son <b>encolure fronc\u00e9e \u00e0 nouer<\/b>\u00a0(sage ou un brin d\u00e9collet\u00e9, \u00e0 vous de voir <b>manches l\u00e9g\u00e8rement bouffantes<\/b>\u00a0qui apportent juste ce qu\u2019il faut de volume, et son <b>tomb\u00e9 fluide<\/b>\u00a0qui lui donne ce c\u00f4t\u00e9 boh\u00e8me chic qu\u2019on adore.<\/p>\n<\/div>\n<div>\n<p class=\"p\">En version <b>blouse<\/b>, Louison se glisse dans un jean taille haute pour un look cool, ou s\u2019associe \u00e0 une jupe midi pour un style plus raffin\u00e9.<\/p>\n<\/div>\n<div>\n<p class=\"p\">En version <b>robe<\/b>, c\u2019est le genre de pi\u00e8ce qu\u2019on enfile sans se poser de questions : bottes en automne, sandales en \u00e9t\u00e9, et hop, on est pr\u00eate.<\/p>\n<\/div>\n<div>\n<p class=\"p\">\n<\/div>\n<div>\n<p class=\"p\">C\u00f4t\u00e9 tissus, amusez-vous avec une <b>Viscose<\/b>\u00a0ou <b>double gaze<\/b>\u00a0pour un maximum de fluidit\u00e9, un <b>Lin lav\u00e9<\/b>\u00a0pour un rendu naturel, une <b>Mousseline<\/b>\u00a0ou <b>soie<\/b>\u00a0pour une allure chic, ou un <b>Coton l\u00e9ger<\/b>\u00a0pour la version casual de tous les jours.<\/p>\n<\/div>\n<div>\n<p class=\"p\">\n<\/div>\n<div>\n<p class=\"p\">Louison, c\u2019est un patron qui s\u2019adapte \u00e0 vos envies, \u00e0 votre style et \u00e0 votre humeur du moment. Bref, un indispensable \u00e0 inviter dans votre garde-robe cousue main !<\/p>\n<\/div>\n<div>\n<p class=\"p\">\n<\/div>\n<div>\n<p class=\"p\">\n<\/div>\n[et_pb_section global_module=\"22765\"][\/et_pb_section]\n<p style=\"font-weight: 400;\">\n","protected":false},"excerpt":{"rendered":"<div>\n<p class=\"p\"><b>Louison, la pi\u00e8ce cam\u00e9l\u00e9on de votre garde-robe handmade<\/b> !<\/p>\n<p>&nbsp;<\/p>\n<\/div>\n<div>\n<p class=\"p\">Blouse ou robe ? Avec Louison, pas besoin de choisir : ce patron polyvalent vous accompagne aussi bien au quotidien que pour les moments plus habill\u00e9s.<\/p>\n<\/div>\n<div class=\"dftail\"><em>Tailles : 34 au 48 \/ 46 au 60.<\/em><\/div>\n<div class=\"dficon\">\n<p>Niveau de difficult\u00e9 :<\/p>\n<div class=\"difficulty\"><\/div>\n<div class=\"difficulty\"><\/div>\n<\/div>\n<p>\u00c0 retrouver sur vos r\u00e9seaux<\/p>\n<p><a href=\"https:\/\/www.instagram.com\/explore\/tags\/blouselouison\/?hl=fr\" target=\"_blank\" rel=\"noopener\">#blouselouison<\/a>; <a href=\"https:\/\/www.instagram.com\/explore\/tags\/germainpatronslouison\/?hl=fr\" target=\"_blank\" rel=\"noopener\">#germainpatronslouison<\/a> ; <a href=\"https:\/\/www.instagram.com\/explore\/tags\/germainpatrons\/?hl=fr\" target=\"_blank\" rel=\"noopener\">#germainpatrons<\/a><\/p>\n","protected":false},"featured_media":25197,"template":"","meta":{"_et_pb_use_builder":"off","_et_pb_old_content":"<p style=\"font-weight: 400\">Courtney, le patron de combinaison \u00e0 d\u00e9cliner en 3 versions\u00a0!<\/p>\r\n<p style=\"font-weight: 400\">Plus besoin de r\u00e9fl\u00e9chir pour s\u2019habiller le matin. Courtney est la combinaison qui vous simplifie la vie en vous offrant une tenue compl\u00e8te parfaitement harmonieuse et un look \u00e0 la fois moderne et d\u00e9contract\u00e9.<\/p>\r\n<p style=\"font-weight: 400\">Ultra styl\u00e9e, la version combinaison de Courtney propose des poches poitrines, hanches devant et dos, au choix, agr\u00e9ment\u00e9es d\u2019un joli col tailleur plein d\u2019\u00e9l\u00e9gance.<\/p>\r\n<p style=\"font-weight: 400\">Deux patrons de chemises manches courtes se cachent derri\u00e8re cette combinaison\u00a0: une chemise crop top et une longue plus classique.<\/p>\r\n<p style=\"font-weight: 400\">Une patte de boutonnage a \u00e9t\u00e9 ajout\u00e9e aux bas de manches, pour lui donner un esprit saharienne.<\/p>\r\n<p style=\"font-weight: 400\">Avec ce patron 3 en 1 votre garde-robe d\u2019\u00e9t\u00e9 va s\u2019enrichir de pi\u00e8ces confortables \u00e0 porter en toutes occasions.<\/p>\r\n\u00a0\r\n\r\n[divi_shortcode id=\"17797\"]","_et_gb_content_width":""},"product_brand":[],"product_cat":[36,37,65,76],"product_tag":[187,191],"class_list":{"0":"post-23360","1":"product","2":"type-product","3":"status-publish","4":"has-post-thumbnail","6":"product_cat-patrons-de-couture-femmes-34-48-fr","7":"product_cat-patrons-de-couture-femmes-46-60-fr","8":"product_cat-tops-et-blouses-34-48-fr","9":"product_cat-tops-et-blouses-46-60-fr","10":"product_tag-187","11":"product_tag-blouse","12":"pa_formats-pdf-34-48-fr","13":"pa_formats-pdf-46-60-fr","14":"pa_formats-pochette-34-48-fr","15":"pa_formats-pochette-46-60-fr","16":"wcmi-has-gallery","18":"first","19":"instock","20":"taxable","21":"shipping-taxable","22":"purchasable","23":"product-type-variable"},"supplier_id":null,"supplier_sku":"","barcode":null,"atum_controlled":true,"out_stock_date":null,"out_stock_threshold":null,"inheritable":true,"inbound_stock":0,"stock_on_hold":3,"sold_today":0,"sales_last_days":15,"reserved_stock":0,"customer_returns":0,"warehouse_damage":0,"lost_in_post":0,"other_logs":0,"out_stock_days":0,"lost_sales":0,"has_location":false,"update_date":"2026-04-12T00:11:29","atum_locations":[],"atum_stock_status":"instock","restock_status":false,"low_stock_amount":"","sales_update_date":"2026-04-12T00:11:29","calc_backorders":null,"jetpack_sharing_enabled":true,"_links":{"self":[{"href":"https:\/\/germainpatrons.com\/en\/wp-json\/wp\/v2\/product\/23360","targetHints":{"allow":["GET"]}}],"collection":[{"href":"https:\/\/germainpatrons.com\/en\/wp-json\/wp\/v2\/product"}],"about":[{"href":"https:\/\/germainpatrons.com\/en\/wp-json\/wp\/v2\/types\/product"}],"wp:featuredmedia":[{"embeddable":true,"href":"https:\/\/germainpatrons.com\/en\/wp-json\/wp\/v2\/media\/25197"}],"wp:attachment":[{"href":"https:\/\/germainpatrons.com\/en\/wp-json\/wp\/v2\/media?parent=23360"}],"wp:term":[{"taxonomy":"product_brand","embeddable":true,"href":"https:\/\/germainpatrons.com\/en\/wp-json\/wp\/v2\/product_brand?post=23360"},{"taxonomy":"product_cat","embeddable":true,"href":"https:\/\/germainpatrons.com\/en\/wp-json\/wp\/v2\/product_cat?post=23360"},{"taxonomy":"product_tag","embeddable":true,"href":"https:\/\/germainpatrons.com\/en\/wp-json\/wp\/v2\/product_tag?post=23360"}],"curies":[{"name":"wp","href":"https:\/\/api.w.org\/{rel}","templated":true}]}}