{"id":25444,"date":"2026-01-05T17:47:41","date_gmt":"2026-01-05T16:47:41","guid":{"rendered":"https:\/\/germainpatrons.com\/?post_type=product&#038;p=25444"},"modified":"2026-04-18T14:59:49","modified_gmt":"2026-04-18T12:59:49","slug":"lot-de-4-etiquettes-germaine-addict","status":"publish","type":"product","link":"https:\/\/germainpatrons.com\/en\/lot-de-4-etiquettes-germaine-addict\/","title":{"rendered":"Lot de 4 \u00e9tiquettes Germaine Addict"},"content":{"rendered":"<div>\n<p class=\"p\"><b>\u00c9tiquettes \u00e0 coudre Germaine Addict.<\/b><\/p>\n<\/div>\n<p class=\"p\">La touche signature qui transforme vos cr\u00e9ations en pi\u00e8ces uniques.<\/p>\n<p class=\"p\">Affirmez votre style jusque dans les moindres d\u00e9tails avec les \u00e9tiquettes \u00e0 coudre Germaine Addict. Chez Germain Patrons nous avons pens\u00e9 ces \u00e9tiquettes pour les passionn\u00e9es de couture, elles apporteront une finition professionnelle et tendance \u00e0 toutes vos cr\u00e9ations.<\/p>\n<p class=\"p\">Ces \u00e9tiquettes tiss\u00e9es sur mesure sont r\u00e9alis\u00e9es dans un coton de qualit\u00e9, elles sont faciles \u00e0 coudre et agr\u00e9ables au toucher. Leur motif graou intemporel et leur design soign\u00e9 subliment vos v\u00eatements, accessoires et pi\u00e8ces faites main.<\/p>\n<p class=\"p\">Que vous cousiez pour vous ou pour offrir, les \u00e9tiquettes Germaine Addict deviennent votre signature cr\u00e9ative.<\/p>\n","protected":false},"excerpt":{"rendered":"<div>\n<p class=\"p\"><b>\u00c9tiquettes \u00e0 coudre Germaine Addict.<\/b><\/p>\n<p>&nbsp;<\/p>\n<\/div>\n<p class=\"p\">La touche signature qui transforme vos cr\u00e9ations en pi\u00e8ces uniques.<\/p>\n<p class=\"p\">Affirmez votre style jusque dans les moindres d\u00e9tails avec les \u00e9tiquettes \u00e0 coudre Germaine Addict. Chez Germain Patrons nous avons pens\u00e9 ces \u00e9tiquettes pour les passionn\u00e9es de couture, elles apporteront une finition professionnelle et tendance \u00e0 toutes vos cr\u00e9ations.<\/p>\n<p class=\"p\">Ces \u00e9tiquettes tiss\u00e9es sur mesure sont r\u00e9alis\u00e9es dans un coton de qualit\u00e9, elles sont faciles \u00e0 coudre et agr\u00e9ables au toucher. Leur motif graou intemporel et leur design soign\u00e9 subliment vos v\u00eatements, accessoires et pi\u00e8ces faites main.<\/p>\n<p class=\"p\">Que vous cousiez pour vous ou pour offrir, les \u00e9tiquettes Germaine Addict deviennent votre signature cr\u00e9ative.<\/p>\n<div class=\"dftail\">Lot de 4 \u00e9tiquettes au motifs vari\u00e9es ( 2 sur fond bleu et 2 sur fond beige)<br \/>\n<em>Taille de l\u2019\u00e9tiquette : 43 x 43mm.<\/em><\/div>\n","protected":false},"featured_media":25920,"template":"","meta":{"_et_pb_use_builder":"","_et_pb_old_content":"","_et_gb_content_width":""},"product_brand":[],"product_cat":[219],"product_tag":[],"class_list":{"0":"post-25444","1":"product","2":"type-product","3":"status-publish","4":"has-post-thumbnail","6":"product_cat-germaine-addict","7":"wcmi-has-gallery","9":"first","10":"instock","11":"taxable","12":"shipping-taxable","13":"purchasable","14":"product-type-simple"},"supplier_id":null,"supplier_sku":"","barcode":null,"atum_controlled":true,"out_stock_date":null,"out_stock_threshold":null,"inheritable":false,"inbound_stock":0,"stock_on_hold":16,"sold_today":0,"sales_last_days":17,"reserved_stock":0,"customer_returns":0,"warehouse_damage":0,"lost_in_post":0,"other_logs":0,"out_stock_days":0,"lost_sales":0,"has_location":false,"update_date":"2026-04-19T00:27:08","atum_locations":[],"atum_stock_status":"instock","restock_status":false,"low_stock_amount":"","sales_update_date":"2026-04-19T00:27:08","calc_backorders":null,"jetpack_sharing_enabled":true,"_links":{"self":[{"href":"https:\/\/germainpatrons.com\/en\/wp-json\/wp\/v2\/product\/25444","targetHints":{"allow":["GET"]}}],"collection":[{"href":"https:\/\/germainpatrons.com\/en\/wp-json\/wp\/v2\/product"}],"about":[{"href":"https:\/\/germainpatrons.com\/en\/wp-json\/wp\/v2\/types\/product"}],"wp:featuredmedia":[{"embeddable":true,"href":"https:\/\/germainpatrons.com\/en\/wp-json\/wp\/v2\/media\/25920"}],"wp:attachment":[{"href":"https:\/\/germainpatrons.com\/en\/wp-json\/wp\/v2\/media?parent=25444"}],"wp:term":[{"taxonomy":"product_brand","embeddable":true,"href":"https:\/\/germainpatrons.com\/en\/wp-json\/wp\/v2\/product_brand?post=25444"},{"taxonomy":"product_cat","embeddable":true,"href":"https:\/\/germainpatrons.com\/en\/wp-json\/wp\/v2\/product_cat?post=25444"},{"taxonomy":"product_tag","embeddable":true,"href":"https:\/\/germainpatrons.com\/en\/wp-json\/wp\/v2\/product_tag?post=25444"}],"curies":[{"name":"wp","href":"https:\/\/api.w.org\/{rel}","templated":true}]}}