{"id":26880,"date":"2026-02-20T11:37:54","date_gmt":"2026-02-20T10:37:54","guid":{"rendered":"https:\/\/germainpatrons.com\/?post_type=product&#038;p=26880"},"modified":"2026-04-13T23:51:59","modified_gmt":"2026-04-13T21:51:59","slug":"emily","status":"publish","type":"product","link":"https:\/\/germainpatrons.com\/en\/emily\/","title":{"rendered":"Emily"},"content":{"rendered":"<p><b>Emily, la veste courte au charme couture<\/b><b><\/b><\/p>\n<p>Emily est une veste courte, f\u00e9minine et raffin\u00e9e, pens\u00e9e comme une v\u00e9ritable pi\u00e8ce de caract\u00e8re. Sa coupe structur\u00e9e et ses d\u00e9tails soign\u00e9s en font un mod\u00e8le \u00e0 la fois \u00e9l\u00e9gant et intemporel, id\u00e9al pour compl\u00e9ter une silhouette avec style.<\/p>\n<p>Le patron propose <b>deux types de cols<\/b> :<\/p>\n<p>\u2022un <b>col classique<\/b>, sobre et \u00e9l\u00e9gant ;<\/p>\n<p>\u2022un <b>col froufrout\u00e9<\/b>, d\u00e9licatement volant\u00e9, qui se tient et apporte une touche romantique et couture \u00e0 la veste.<\/p>\n<p>Deux <b>versions de dos<\/b> permettent \u00e9galement de varier les allures :<\/p>\n<p>\u2022un <b>dos avec pli creux<\/b> plac\u00e9 au milieu, pour une ligne nette et structur\u00e9e ;<\/p>\n<p>\u2022un <b>dos fronc\u00e9<\/b>, plus souple et f\u00e9minin, qui apporte du volume et du mouvement.<\/p>\n<p>Les poches sont de v\u00e9ritables <b>poches \u00e0 soufflet<\/b>, travaill\u00e9es comme des poches plaqu\u00e9es avec rabat, mais dont l\u2019ouverture se fait discr\u00e8tement sur le c\u00f4t\u00e9. Un d\u00e9tail subtil qui renforce l\u2019allure tailleur tout en conservant une grande praticit\u00e9.<\/p>\n<p>Enti\u00e8rement doubl\u00e9e, la veste Emily est id\u00e9ale \u00e0 coudre dans des tissus qui ont de la tenue, comme une gabardine ou un lainage fin.<\/p>\n<p>Emily est une veste courte \u00e9l\u00e9gante et travaill\u00e9e, un projet couture passionnant qui sublime les d\u00e9tails et met en valeur le savoir-faire.<\/p>\n<p>&nbsp;<\/p>\n[et_pb_section global_module=\"27379\"][\/et_pb_section]\n","protected":false},"excerpt":{"rendered":"<div class=\"dftail\">\n<p><b>Emily, la veste courte au charme couture<\/b><b><\/b><\/p>\n<p>Emily est une veste courte, f\u00e9minine et raffin\u00e9e, pens\u00e9e comme une v\u00e9ritable pi\u00e8ce de caract\u00e8re. Sa coupe structur\u00e9e et ses d\u00e9tails soign\u00e9s en font un mod\u00e8le \u00e0 la fois \u00e9l\u00e9gant et intemporel, id\u00e9al pour compl\u00e9ter une silhouette avec style.<\/p>\n<p>&nbsp;<\/p>\n<p><em>Tailles : 34 au 48 \/ 46 au 60.<\/em><\/p>\n<\/div>\n<div class=\"dficon\">\n<p><em>Niveau de difficult\u00e9 : <\/em><\/p>\n<div class=\"difficulty\"><\/div>\n<div class=\"difficulty\"><\/div>\n<div class=\"difficulty\"><\/div>\n<\/div>\n<p>\u00c0 retrouver sur vos r\u00e9seaux : <a href=\"https:\/\/www.instagram.com\/explore\/tags\/vesteoxford\/?hl=fr\" target=\"_blank\" rel=\"noopener\">#vesteemily<\/a>; <a href=\"https:\/\/www.instagram.com\/explore\/tags\/germainpatronsoxford\/?hl=fr\" target=\"_blank\" rel=\"noopener\">#germainpatronsemily<\/a> ; <a href=\"https:\/\/www.instagram.com\/explore\/tags\/germainpatrons\/?hl=fr\" target=\"_blank\" rel=\"noopener\">#germainpatrons<\/a><\/p>\n","protected":false},"featured_media":27449,"template":"","meta":{"_et_pb_use_builder":"off","_et_pb_old_content":"<p style=\"font-weight: 400\">Courtney, le patron de combinaison \u00e0 d\u00e9cliner en 3 versions\u00a0!<\/p>\r\n<p style=\"font-weight: 400\">Plus besoin de r\u00e9fl\u00e9chir pour s\u2019habiller le matin. Courtney est la combinaison qui vous simplifie la vie en vous offrant une tenue compl\u00e8te parfaitement harmonieuse et un look \u00e0 la fois moderne et d\u00e9contract\u00e9.<\/p>\r\n<p style=\"font-weight: 400\">Ultra styl\u00e9e, la version combinaison de Courtney propose des poches poitrines, hanches devant et dos, au choix, agr\u00e9ment\u00e9es d\u2019un joli col tailleur plein d\u2019\u00e9l\u00e9gance.<\/p>\r\n<p style=\"font-weight: 400\">Deux patrons de chemises manches courtes se cachent derri\u00e8re cette combinaison\u00a0: une chemise crop top et une longue plus classique.<\/p>\r\n<p style=\"font-weight: 400\">Une patte de boutonnage a \u00e9t\u00e9 ajout\u00e9e aux bas de manches, pour lui donner un esprit saharienne.<\/p>\r\n<p style=\"font-weight: 400\">Avec ce patron 3 en 1 votre garde-robe d\u2019\u00e9t\u00e9 va s\u2019enrichir de pi\u00e8ces confortables \u00e0 porter en toutes occasions.<\/p>\r\n\u00a0\r\n\r\n[divi_shortcode id=\"17797\"]","_et_gb_content_width":""},"product_brand":[],"product_cat":[73,67,36,37],"product_tag":[228,157],"class_list":{"0":"post-26880","1":"product","2":"type-product","3":"status-publish","4":"has-post-thumbnail","6":"product_cat-manteaux-et-vestes-46-60-fr","7":"product_cat-manteaux-et-vestes-34-48-fr","8":"product_cat-patrons-de-couture-femmes-34-48-fr","9":"product_cat-patrons-de-couture-femmes-46-60-fr","10":"product_tag-228","11":"product_tag-veste","12":"pa_formats-pdf-34-48-fr","13":"pa_formats-pdf-46-60-fr","14":"pa_formats-pochette-34-48-fr","15":"pa_formats-pochette-46-60-fr","16":"wcmi-has-gallery","18":"first","19":"instock","20":"taxable","21":"shipping-taxable","22":"purchasable","23":"product-type-variable"},"supplier_id":null,"supplier_sku":"","barcode":null,"atum_controlled":true,"out_stock_date":null,"out_stock_threshold":null,"inheritable":true,"inbound_stock":null,"stock_on_hold":206,"sold_today":236,"sales_last_days":454,"reserved_stock":null,"customer_returns":null,"warehouse_damage":null,"lost_in_post":null,"other_logs":null,"out_stock_days":0,"lost_sales":0,"has_location":false,"update_date":"2026-04-13T22:00:37","atum_locations":[],"atum_stock_status":"instock","restock_status":false,"low_stock_amount":"","sales_update_date":"2026-04-12T00:11:32","calc_backorders":null,"jetpack_sharing_enabled":true,"_links":{"self":[{"href":"https:\/\/germainpatrons.com\/en\/wp-json\/wp\/v2\/product\/26880","targetHints":{"allow":["GET"]}}],"collection":[{"href":"https:\/\/germainpatrons.com\/en\/wp-json\/wp\/v2\/product"}],"about":[{"href":"https:\/\/germainpatrons.com\/en\/wp-json\/wp\/v2\/types\/product"}],"wp:featuredmedia":[{"embeddable":true,"href":"https:\/\/germainpatrons.com\/en\/wp-json\/wp\/v2\/media\/27449"}],"wp:attachment":[{"href":"https:\/\/germainpatrons.com\/en\/wp-json\/wp\/v2\/media?parent=26880"}],"wp:term":[{"taxonomy":"product_brand","embeddable":true,"href":"https:\/\/germainpatrons.com\/en\/wp-json\/wp\/v2\/product_brand?post=26880"},{"taxonomy":"product_cat","embeddable":true,"href":"https:\/\/germainpatrons.com\/en\/wp-json\/wp\/v2\/product_cat?post=26880"},{"taxonomy":"product_tag","embeddable":true,"href":"https:\/\/germainpatrons.com\/en\/wp-json\/wp\/v2\/product_tag?post=26880"}],"curies":[{"name":"wp","href":"https:\/\/api.w.org\/{rel}","templated":true}]}}