{"id":26896,"date":"2026-02-20T12:10:57","date_gmt":"2026-02-20T11:10:57","guid":{"rendered":"https:\/\/germainpatrons.com\/?post_type=product&#038;p=26896"},"modified":"2026-04-13T23:12:05","modified_gmt":"2026-04-13T21:12:05","slug":"alfie","status":"publish","type":"product","link":"https:\/\/germainpatrons.com\/en\/alfie\/","title":{"rendered":"ALFIE"},"content":{"rendered":"<p><b>Alfie : le gilet tailleur qui r\u00e9v\u00e8le la silhouette<\/b><b><\/b><\/p>\n<p>Alfie est un gilet tailleur au caract\u00e8re affirm\u00e9, pens\u00e9 comme une v\u00e9ritable pi\u00e8ce de couture, \u00e9l\u00e9gante et structur\u00e9e. Sa coupe pr\u00e9cise met en valeur la silhouette tout en conservant une allure moderne et f\u00e9minine.<\/p>\n<p>Les milieux devant se distinguent par de jolis arrondis, aussi bien en haut qu\u2019en bas, apportant douceur et originalit\u00e9 \u00e0 la ligne tailleur. Les pinces poitrine, les pinces de taille et les pinces dos sont soigneusement plac\u00e9es pour souligner la taille et dessiner une silhouette harmonieuse et \u00e9l\u00e9gante.<\/p>\n<p>Le patron propose <b>deux versions de dos<\/b> :<\/p>\n<p>\u2022un <b>dos ferm\u00e9<\/b>, structur\u00e9 par deux petites martingales permettant d\u2019ajuster la taille selon l\u2019envie ;<\/p>\n<p>\u2022un <b>dos ouvert<\/b>, compos\u00e9 de deux pans crois\u00e9s qui laissent appara\u00eetre le bas du dos pour une allure plus audacieuse et contemporaine.<\/p>\n<p>Enti\u00e8rement doubl\u00e9, le gilet Alfie offre de tr\u00e8s belles finitions int\u00e9rieures gr\u00e2ce \u00e0 un travail soign\u00e9 de parementures. Le milieu devant se ferme \u00e0 l\u2019aide de <b>six boutons<\/b>, renfor\u00e7ant l\u2019esprit tailleur et la sophistication du mod\u00e8le.<\/p>\n<p>Alfie est un projet couture passionnant, id\u00e9al pour celles et ceux qui souhaitent relever un <b>beau challenge technique<\/b> et r\u00e9aliser une pi\u00e8ce forte, intemporelle et raffin\u00e9e, \u00e0 porter seule ou en superposition.<\/p>\n<p style=\"font-weight: 400;\">[et_pb_section global_module=\"27381\"][\/et_pb_section]<\/p>\n","protected":false},"excerpt":{"rendered":"<p><b>Alfie : le gilet tailleur qui r\u00e9v\u00e8le la silhouette<\/b><b><\/b><\/p>\n<p>Alfie est un gilet tailleur au caract\u00e8re affirm\u00e9, pens\u00e9 comme une v\u00e9ritable pi\u00e8ce de couture, \u00e9l\u00e9gante et structur\u00e9e. Sa coupe pr\u00e9cise met en valeur la silhouette tout en conservant une allure moderne et f\u00e9minine.<\/p>\n<div class=\"dftail\"><em>Tailles : 34 au 48 \/ 46 au 60.<\/em><\/div>\n<div class=\"dficon\">\n<p><em>Niveau de difficult\u00e9 : <\/em><\/p>\n<div class=\"difficulty\"><\/div>\n<div class=\"difficulty\"><\/div>\n<\/div>\n<p>\u00c0 retrouver sur vos r\u00e9seaux : <a href=\"https:\/\/www.instagram.com\/explore\/tags\/vesteoxford\/?hl=fr\" target=\"_blank\" rel=\"noopener\">#giletalfie<\/a>; <a href=\"https:\/\/www.instagram.com\/explore\/tags\/germainpatronsoxford\/?hl=fr\" target=\"_blank\" rel=\"noopener\">#germainpatronsalfie<\/a>; <a href=\"https:\/\/www.instagram.com\/explore\/tags\/germainpatrons\/?hl=fr\" target=\"_blank\" rel=\"noopener\">#germainpatrons<\/a><\/p>\n","protected":false},"featured_media":27596,"template":"","meta":{"_et_pb_use_builder":"off","_et_pb_old_content":"<p style=\"font-weight: 400\">C\u00e9lestine, c\u2019est la veste cool, pratique et styl\u00e9e qui donne enfin envie de sortir en jogging\u2026 m\u00eame sans courir.<\/p>\r\n<p style=\"font-weight: 400\">Pens\u00e9e comme une veste de jogging casual chic, C\u00e9lestine s\u2019adapte \u00e0 toutes vos envies, \u00e0 porter seule ou en total look avec le pantalon Ernest, pour un ensemble aussi douillet que styl\u00e9.<\/p>\r\n<p style=\"font-weight: 400\">C\u00e9lestine, c\u2019est une veste avec une fermeture zipp\u00e9e sur le devant pour un enfilage facile, une capuche au choix (avec ou sans, selon l\u2019humeur)<\/p>\r\n<p style=\"font-weight: 400\">Des poches plaqu\u00e9es \u00e0 rabat sur la poitrine pour un petit clin d\u2019\u0153il utilitaire, une coulisse \u00e0 la taille \u00e0 ajuster selon l\u2019envie (version loose ou cintr\u00e9e), deux longueurs au choix : courte et dynamique, ou plus longue pour un effet veste l\u00e9g\u00e8re.<\/p>\r\n<p style=\"font-weight: 400\">\u00c0 coudre dans un jersey souple, un molleton, un interlock ou un Milano.<\/p>\r\n<p style=\"font-weight: 400\">C\u00e9lestine sera votre alli\u00e9 du quotidien comme de vos moments cocooning.<\/p>\r\n<p style=\"font-weight: 400\">[divi_shortcode id=\"22761\"]<\/p>","_et_gb_content_width":""},"product_brand":[],"product_cat":[67,73,36,37],"product_tag":[228,230],"class_list":{"0":"post-26896","1":"product","2":"type-product","3":"status-publish","4":"has-post-thumbnail","6":"product_cat-manteaux-et-vestes-34-48-fr","7":"product_cat-manteaux-et-vestes-46-60-fr","8":"product_cat-patrons-de-couture-femmes-34-48-fr","9":"product_cat-patrons-de-couture-femmes-46-60-fr","10":"product_tag-228","11":"product_tag-gilet","12":"pa_formats-pdf-34-48-fr","13":"pa_formats-pdf-46-60-fr","14":"pa_formats-pochette-34-48-fr","15":"pa_formats-pochette-46-60-fr","16":"wcmi-has-gallery","18":"first","19":"instock","20":"taxable","21":"shipping-taxable","22":"purchasable","23":"product-type-variable"},"supplier_id":null,"supplier_sku":"","barcode":null,"atum_controlled":true,"out_stock_date":null,"out_stock_threshold":null,"inheritable":true,"inbound_stock":null,"stock_on_hold":89,"sold_today":108,"sales_last_days":206,"reserved_stock":null,"customer_returns":null,"warehouse_damage":null,"lost_in_post":null,"other_logs":null,"out_stock_days":0,"lost_sales":0,"has_location":false,"update_date":"2026-04-13T21:53:23","atum_locations":[],"atum_stock_status":"instock","restock_status":false,"low_stock_amount":"","sales_update_date":"2026-04-12T00:11:32","calc_backorders":null,"jetpack_sharing_enabled":true,"_links":{"self":[{"href":"https:\/\/germainpatrons.com\/en\/wp-json\/wp\/v2\/product\/26896","targetHints":{"allow":["GET"]}}],"collection":[{"href":"https:\/\/germainpatrons.com\/en\/wp-json\/wp\/v2\/product"}],"about":[{"href":"https:\/\/germainpatrons.com\/en\/wp-json\/wp\/v2\/types\/product"}],"wp:featuredmedia":[{"embeddable":true,"href":"https:\/\/germainpatrons.com\/en\/wp-json\/wp\/v2\/media\/27596"}],"wp:attachment":[{"href":"https:\/\/germainpatrons.com\/en\/wp-json\/wp\/v2\/media?parent=26896"}],"wp:term":[{"taxonomy":"product_brand","embeddable":true,"href":"https:\/\/germainpatrons.com\/en\/wp-json\/wp\/v2\/product_brand?post=26896"},{"taxonomy":"product_cat","embeddable":true,"href":"https:\/\/germainpatrons.com\/en\/wp-json\/wp\/v2\/product_cat?post=26896"},{"taxonomy":"product_tag","embeddable":true,"href":"https:\/\/germainpatrons.com\/en\/wp-json\/wp\/v2\/product_tag?post=26896"}],"curies":[{"name":"wp","href":"https:\/\/api.w.org\/{rel}","templated":true}]}}