{"id":27373,"date":"2026-04-08T12:36:03","date_gmt":"2026-04-08T10:36:03","guid":{"rendered":"https:\/\/germainpatrons.com\/?post_type=product&#038;p=27373"},"modified":"2026-04-13T12:11:46","modified_gmt":"2026-04-13T10:11:46","slug":"sac-cabas-printemps-germaine-addict","status":"publish","type":"product","link":"https:\/\/germainpatrons.com\/en\/sac-cabas-printemps-germaine-addict\/","title":{"rendered":"Sac cabas printemps Germaine addict"},"content":{"rendered":"<div>\n<p class=\"p\"><b>Le sac qui suit vos envies cr\u00e9atives\u2026 partout.<\/b><\/p>\n<\/div>\n<p class=\"p\">Pratique, styl\u00e9 et r\u00e9solument audacieux, le sac cabas Germaine addict vous accompagne dans toutes vos aventures cr\u00e9atives. Con\u00e7u dans un esprit printanier Bleu Jean et Rose douceur, il est ultra tendance avec cette impression fleurie, il allie style et fonctionnalit\u00e9.<\/p>\n<p class=\"p\">Enti\u00e8rement r\u00e9alis\u00e9 en coton, il est l\u00e9ger, souple et agr\u00e9able \u00e0 porter. Il est id\u00e9al pour transporter vos tissus, vos projets couture, vos v\u00eatements ou tout simplement pour vous accompagner au quotidien, en balade ou pour faire vos courses.<\/p>\n<p class=\"p\">Pens\u00e9 pour les cr\u00e9atives actives, ce sac devient vite un indispensable : beau, pratique et inspirant.<\/p>\n","protected":false},"excerpt":{"rendered":"<div>\n<p class=\"p\"><b>Le sac qui suit vos envies cr\u00e9atives\u2026 partout.<\/b><\/p>\n<p>&nbsp;<\/p>\n<\/div>\n<p class=\"p\">Pratique, styl\u00e9 et r\u00e9solument audacieux, le sac cabas Germaine addict vous accompagne dans toutes vos aventures cr\u00e9atives. Con\u00e7u dans un esprit printanier Bleu Jean et Rose douceur, il est ultra tendance avec cette impression fleurie, il allie style et fonctionnalit\u00e9.<\/p>\n<p class=\"p\">Enti\u00e8rement r\u00e9alis\u00e9 en coton, il est l\u00e9ger, souple et agr\u00e9able \u00e0 porter. Il est id\u00e9al pour transporter vos tissus, vos projets couture, vos v\u00eatements ou tout simplement pour vous accompagner au quotidien, en balade ou pour faire vos courses.<\/p>\n<p class=\"p\">Pens\u00e9 pour les cr\u00e9atives actives, ce sac devient vite un indispensable : beau, pratique et inspirant.<\/p>\n<div class=\"dftail\"><em>Tailles : 43 x 15 x 36 cm. Mati\u00e8re : coton premium.<\/em><\/div>\n","protected":false},"featured_media":27518,"template":"","meta":{"_et_pb_use_builder":"","_et_pb_old_content":"","_et_gb_content_width":""},"product_brand":[],"product_cat":[219],"product_tag":[],"class_list":{"0":"post-27373","1":"product","2":"type-product","3":"status-publish","4":"has-post-thumbnail","6":"product_cat-germaine-addict","7":"wcmi-has-gallery","9":"first","10":"instock","11":"taxable","12":"shipping-taxable","13":"purchasable","14":"product-type-variable"},"supplier_id":null,"supplier_sku":"","barcode":null,"atum_controlled":true,"out_stock_date":null,"out_stock_threshold":null,"inheritable":true,"inbound_stock":0,"stock_on_hold":10,"sold_today":0,"sales_last_days":12,"reserved_stock":0,"customer_returns":0,"warehouse_damage":0,"lost_in_post":0,"other_logs":0,"out_stock_days":0,"lost_sales":0,"has_location":false,"update_date":"2026-04-16T10:22:00","atum_locations":[],"atum_stock_status":"instock","restock_status":false,"low_stock_amount":"","sales_update_date":"2026-04-16T00:20:40","calc_backorders":null,"jetpack_sharing_enabled":true,"_links":{"self":[{"href":"https:\/\/germainpatrons.com\/en\/wp-json\/wp\/v2\/product\/27373","targetHints":{"allow":["GET"]}}],"collection":[{"href":"https:\/\/germainpatrons.com\/en\/wp-json\/wp\/v2\/product"}],"about":[{"href":"https:\/\/germainpatrons.com\/en\/wp-json\/wp\/v2\/types\/product"}],"wp:featuredmedia":[{"embeddable":true,"href":"https:\/\/germainpatrons.com\/en\/wp-json\/wp\/v2\/media\/27518"}],"wp:attachment":[{"href":"https:\/\/germainpatrons.com\/en\/wp-json\/wp\/v2\/media?parent=27373"}],"wp:term":[{"taxonomy":"product_brand","embeddable":true,"href":"https:\/\/germainpatrons.com\/en\/wp-json\/wp\/v2\/product_brand?post=27373"},{"taxonomy":"product_cat","embeddable":true,"href":"https:\/\/germainpatrons.com\/en\/wp-json\/wp\/v2\/product_cat?post=27373"},{"taxonomy":"product_tag","embeddable":true,"href":"https:\/\/germainpatrons.com\/en\/wp-json\/wp\/v2\/product_tag?post=27373"}],"curies":[{"name":"wp","href":"https:\/\/api.w.org\/{rel}","templated":true}]}}