{"id":27487,"date":"2026-04-08T16:28:52","date_gmt":"2026-04-08T14:28:52","guid":{"rendered":"https:\/\/germainpatrons.com\/?post_type=product&#038;p=27487"},"modified":"2026-04-17T18:15:54","modified_gmt":"2026-04-17T16:15:54","slug":"lot-de-6-etiquettes-fleuries-germaine-addict","status":"publish","type":"product","link":"https:\/\/germainpatrons.com\/en\/lot-de-6-etiquettes-fleuries-germaine-addict\/","title":{"rendered":"Lot de 6 \u00e9tiquettes Fleuries Germaine Addict"},"content":{"rendered":"<div>\n<p class=\"p\"><strong>\u00c9tiquettes \u00e0 coudre Germaine Addict.<\/strong><\/p>\n<\/div>\n<p class=\"p\">Les \u00e9tiquettes qui font toute la diff\u00e9rence.<\/p>\n<p class=\"p\">Ajoutez une touche de bonne humeur et de personnalit\u00e9 \u00e0 vos cr\u00e9ations avec nos \u00e9tiquettes \u00e0 coudre aux motifs fleuris.<\/p>\n<p class=\"p\">Chaque lot contient <strong>6 \u00e9tiquettes uniques<\/strong>, pens\u00e9es comme de petits clins d\u2019oeil \u00e0 glisser dans vos v\u00eatements faits main :<\/p>\n<ul>\n<li>P\u00e9pite<\/li>\n<li>Hola Chica<\/li>\n<li>Guapa<\/li>\n<li>Germaine Addict<\/li>\n<li>Coeur de beurre<\/li>\n<li>Self love<\/li>\n<\/ul>\n<p class=\"p\">Elles apportent une finition professionnelle \u00e0 vos cousettes, racontent une histoire (la v\u00f4tre) et donnent le sourire \u00e0 chaque fois qu\u2019on les d\u00e9couvre !<\/p>\n<p class=\"p\">Leur motif fleuri d\u00e9licat s\u2019accorde avec tous les styles, du plus doux au plus audacieux.<br \/>\n\u00c0 coudre sur un ourlet, une encolure ou m\u00eame \u00e0 l\u2019ext\u00e9rieur pour les plus fi\u00e8res !<br \/>\nLe d\u00e9tail qui transforme une cr\u00e9ation en vraie p\u00e9pite !<\/p>\n","protected":false},"excerpt":{"rendered":"<div>\n<p class=\"p\"><b>\u00c9tiquettes \u00e0 coudre Germaine Addict.<\/b><\/p>\n<p class=\"p\">Les \u00e9tiquettes qui font toute la diff\u00e9rence.<\/p>\n<p>&nbsp;<\/p>\n<\/div>\n<p class=\"p\">Les \u00e9tiquettes qui font toute la diff\u00e9rence.<\/p>\n<p class=\"p\">Ajoutez une touche de bonne humeur et de personnalit\u00e9 \u00e0 vos cr\u00e9ations avec nos \u00e9tiquettes \u00e0 coudre aux motifs fleuris.<\/p>\n<p class=\"p\">Chaque lot contient <strong>6 \u00e9tiquettes uniques<\/strong>, pens\u00e9es comme de petits clins d\u2019oeil \u00e0 glisser dans vos v\u00eatements faits main :<\/p>\n<ul>\n<li>P\u00e9pite<\/li>\n<li>Hola Chica<\/li>\n<li>Guapa<\/li>\n<li>Germaine Addict<\/li>\n<li>Coeur de beurre<\/li>\n<li>Self love<\/li>\n<\/ul>\n<p class=\"p\">Elles apportent une finition professionnelle \u00e0 vos cousettes, racontent une histoire (la v\u00f4tre) et donnent le sourire \u00e0 chaque fois qu\u2019on les d\u00e9couvre !<\/p>\n<p class=\"p\">Leur motif fleuri d\u00e9licat s\u2019accorde avec tous les styles, du plus doux au plus audacieux.<br \/>\n\u00c0 coudre sur un ourlet, une encolure ou m\u00eame \u00e0 l\u2019ext\u00e9rieur pour les plus fi\u00e8res !<br \/>\nLe d\u00e9tail qui transforme une cr\u00e9ation en vraie p\u00e9pite !<\/p>\n<div class=\"dftail\">Lot de 6 \u00e9tiquettes aux messages vari\u00e9es :<br \/>\n<em>Taille de l\u2019\u00e9tiquette : 43 x 43mm.<\/em><\/div>\n","protected":false},"featured_media":27538,"template":"","meta":{"_et_pb_use_builder":"","_et_pb_old_content":"","_et_gb_content_width":""},"product_brand":[],"product_cat":[219],"product_tag":[],"class_list":{"0":"post-27487","1":"product","2":"type-product","3":"status-publish","4":"has-post-thumbnail","6":"product_cat-germaine-addict","7":"wcmi-has-gallery","9":"first","10":"instock","11":"taxable","12":"shipping-taxable","13":"purchasable","14":"product-type-simple"},"supplier_id":null,"supplier_sku":"","barcode":null,"atum_controlled":true,"out_stock_date":null,"out_stock_threshold":null,"inheritable":false,"inbound_stock":0,"stock_on_hold":71,"sold_today":0,"sales_last_days":99,"reserved_stock":0,"customer_returns":0,"warehouse_damage":0,"lost_in_post":0,"other_logs":0,"out_stock_days":0,"lost_sales":0,"has_location":false,"update_date":"2026-04-18T00:26:35","atum_locations":[],"atum_stock_status":"instock","restock_status":false,"low_stock_amount":"","sales_update_date":"2026-04-18T00:26:35","calc_backorders":null,"jetpack_sharing_enabled":true,"_links":{"self":[{"href":"https:\/\/germainpatrons.com\/en\/wp-json\/wp\/v2\/product\/27487","targetHints":{"allow":["GET"]}}],"collection":[{"href":"https:\/\/germainpatrons.com\/en\/wp-json\/wp\/v2\/product"}],"about":[{"href":"https:\/\/germainpatrons.com\/en\/wp-json\/wp\/v2\/types\/product"}],"wp:featuredmedia":[{"embeddable":true,"href":"https:\/\/germainpatrons.com\/en\/wp-json\/wp\/v2\/media\/27538"}],"wp:attachment":[{"href":"https:\/\/germainpatrons.com\/en\/wp-json\/wp\/v2\/media?parent=27487"}],"wp:term":[{"taxonomy":"product_brand","embeddable":true,"href":"https:\/\/germainpatrons.com\/en\/wp-json\/wp\/v2\/product_brand?post=27487"},{"taxonomy":"product_cat","embeddable":true,"href":"https:\/\/germainpatrons.com\/en\/wp-json\/wp\/v2\/product_cat?post=27487"},{"taxonomy":"product_tag","embeddable":true,"href":"https:\/\/germainpatrons.com\/en\/wp-json\/wp\/v2\/product_tag?post=27487"}],"curies":[{"name":"wp","href":"https:\/\/api.w.org\/{rel}","templated":true}]}}