{"id":6019,"date":"2023-08-22T19:34:53","date_gmt":"2023-08-22T17:34:53","guid":{"rendered":"https:\/\/germainpatrons.com\/?post_type=product&#038;p=6019"},"modified":"2026-04-19T11:28:38","modified_gmt":"2026-04-19T09:28:38","slug":"miranda","status":"publish","type":"product","link":"https:\/\/germainpatrons.com\/en\/miranda\/","title":{"rendered":"Miranda"},"content":{"rendered":"<p>Le duo pantalon, short confortables et classes en toutes circonstances.<\/p>\n<p>Miranda en version pantalon ou short \u00e0 taille \u00e9lastique est agr\u00e9able et facile \u00e0 associer. Deux plis creux sur le devant et une ceinture \u00e0 nouer lui conf\u00e8rent un style particulier qui flatte la silhouette.<br \/>\nMiranda s\u2019adapte ais\u00e9ment \u00e0 toutes les tailles, facile \u00e0 enfiler et retirer, il s\u2019associe avec une grande vari\u00e9t\u00e9 de v\u00eatements en fonction de l\u2019occasion et du style que vous souhaitez obtenir :<br \/>\n&#8211; Un tish et une paire de baskets pour un look simple et d\u00e9contract\u00e9.<br \/>\n&#8211; Une chemise et un blazer associ\u00e9s \u00e0 des chaussures plates pour un look professionnel d\u00e9contract\u00e9.<br \/>\n&#8211; Un chemisier en soie, des escarpins ou bottines \u00e0 talons avec une veste structur\u00e9e pour un look chic et \u00e9l\u00e9gant.<br \/>\n&#8211; Un haut \u00e0 volant ou blouse fluide, des accessoires ethniques, sandales ou bottes pour un style boh\u00e8me.<\/p>\n<p>Miranda trouve son expression \u00e0 chaque saison, que ce soit pantalon ou short, une multitude d\u2019interpr\u00e9tations sont possibles, pourquoi pas une version simili cuir pour aborder l\u2019automne \u2026<\/p>\n[et_pb_section global_module=\"6533\"][\/et_pb_section]\n","protected":false},"excerpt":{"rendered":"<p>Le duo pantalon et short confortables et classes en toutes circonstances.<\/p>\n<div class=\"dftail\"><em>Tailles : 34 au 48 \/ 46 au 60.<\/em><\/div>\n<div class=\"dficon\">\n<p><em>Niveau de difficult\u00e9 : <\/em><\/p>\n<div class=\"difficulty\"><\/div>\n<div class=\"difficulty\"><\/div>\n<\/div>\n<p>\u00c0 retrouver sur vos r\u00e9seaux : <a href=\"https:\/\/www.instagram.com\/explore\/tags\/pantalonmiranda\/?hl=fr\" target=\"_blank\" rel=\"noopener\">#pantalonmiranda<\/a>; <a href=\"https:\/\/www.instagram.com\/explore\/tags\/germainpatronsmiranda\/?hl=fr\" target=\"_blank\" rel=\"noopener\">#germainpatronsmiranda<\/a> ; <a href=\"https:\/\/www.instagram.com\/explore\/tags\/germainpatrons\/?hl=fr\" target=\"_blank\" rel=\"noopener\">#germainpatrons<\/a><\/p>\n","protected":false},"featured_media":7734,"template":"","meta":{"_et_pb_use_builder":"","_et_pb_old_content":"Le duo pantalon, short confortables et classes en toutes circonstances.\r\n\r\nMiranda en version pantalon ou short \u00e0 taille \u00e9lastique est agr\u00e9able et facile \u00e0 associer. Deux plis creux sur le devant et une ceinture \u00e0 nouer lui conf\u00e8rent un style particulier qui flatte la silhouette.\r\nMiranda s\u2019adapte ais\u00e9ment \u00e0 toutes les tailles, facile \u00e0 enfiler et retirer, il s\u2019associe avec une grande vari\u00e9t\u00e9 de v\u00eatements en fonction de l\u2019occasion et du style que vous souhaitez obtenir :\r\n- Un tish et une paire de baskets pour un look simple et d\u00e9contract\u00e9.\r\n- Une chemise et un blazer associ\u00e9s \u00e0 des chaussures plates pour un look professionnel d\u00e9contract\u00e9.\r\n- Un chemisier en soie, des escarpins ou bottines \u00e0 talons avec une veste structur\u00e9e pour un look chic et \u00e9l\u00e9gant.\r\n- Un haut \u00e0 volant ou blouse fluide, des accessoires ethniques, sandales ou bottes pour un style boh\u00e8me.\r\n\r\nMiranda trouve son expression \u00e0 chaque saison, que ce soit pantalon ou short, une multitude d\u2019interpr\u00e9tations sont possibles, pourquoi pas une version simili cuir pour aborder l\u2019automne \u2026\r\n\r\n[divi_shortcode id=\"6533\"]","_et_gb_content_width":""},"product_brand":[],"product_cat":[72,68,36,37],"product_tag":[30],"class_list":{"0":"post-6019","1":"product","2":"type-product","3":"status-publish","4":"has-post-thumbnail","6":"product_cat-pantalons-shorts-et-combis-46-60-fr","7":"product_cat-pantalons-shorts-et-combis-34-48-fr","8":"product_cat-patrons-de-couture-femmes-34-48-fr","9":"product_cat-patrons-de-couture-femmes-46-60-fr","10":"product_tag-30","11":"pa_formats-pdf-34-48-fr","12":"pa_formats-pdf-46-60-fr","13":"pa_formats-pochette-34-48-fr","14":"pa_formats-pochette-46-60-fr","15":"wcmi-has-gallery","17":"first","18":"instock","19":"taxable","20":"shipping-taxable","21":"purchasable","22":"product-type-variable"},"supplier_id":null,"supplier_sku":"","barcode":null,"atum_controlled":true,"out_stock_date":null,"out_stock_threshold":null,"inheritable":false,"inbound_stock":0,"stock_on_hold":10,"sold_today":0,"sales_last_days":45,"reserved_stock":0,"customer_returns":0,"warehouse_damage":0,"lost_in_post":0,"other_logs":0,"out_stock_days":0,"lost_sales":0,"has_location":false,"update_date":"2026-04-21T00:34:06","atum_locations":[],"atum_stock_status":"instock","restock_status":false,"low_stock_amount":"","sales_update_date":"2026-04-21T00:34:06","calc_backorders":null,"jetpack_sharing_enabled":true,"_links":{"self":[{"href":"https:\/\/germainpatrons.com\/en\/wp-json\/wp\/v2\/product\/6019","targetHints":{"allow":["GET"]}}],"collection":[{"href":"https:\/\/germainpatrons.com\/en\/wp-json\/wp\/v2\/product"}],"about":[{"href":"https:\/\/germainpatrons.com\/en\/wp-json\/wp\/v2\/types\/product"}],"wp:featuredmedia":[{"embeddable":true,"href":"https:\/\/germainpatrons.com\/en\/wp-json\/wp\/v2\/media\/7734"}],"wp:attachment":[{"href":"https:\/\/germainpatrons.com\/en\/wp-json\/wp\/v2\/media?parent=6019"}],"wp:term":[{"taxonomy":"product_brand","embeddable":true,"href":"https:\/\/germainpatrons.com\/en\/wp-json\/wp\/v2\/product_brand?post=6019"},{"taxonomy":"product_cat","embeddable":true,"href":"https:\/\/germainpatrons.com\/en\/wp-json\/wp\/v2\/product_cat?post=6019"},{"taxonomy":"product_tag","embeddable":true,"href":"https:\/\/germainpatrons.com\/en\/wp-json\/wp\/v2\/product_tag?post=6019"}],"curies":[{"name":"wp","href":"https:\/\/api.w.org\/{rel}","templated":true}]}}