{"id":6024,"date":"2023-08-22T19:35:48","date_gmt":"2023-08-22T17:35:48","guid":{"rendered":"https:\/\/germainpatrons.com\/?post_type=product&#038;p=6024"},"modified":"2026-04-13T18:09:03","modified_gmt":"2026-04-13T16:09:03","slug":"joy","status":"publish","type":"product","link":"https:\/\/germainpatrons.com\/en\/joy\/","title":{"rendered":"Joy"},"content":{"rendered":"<p>Joy est la petite robe aux d\u00e9tails ultra f\u00e9minins, \u00e9l\u00e9gante et intemporelle.<\/p>\n<p>Joliment resserr\u00e9e \u00e0 la taille gr\u00e2ce \u00e0 un \u00e9lastique, avec sa jupe patineuse Joy met la silhouette en valeur.\u00a0Joy existe en deux versions pour \u00eatre accessible aussi bien aux d\u00e9butantes qu\u2019aux couturi\u00e8res plus confirm\u00e9es\u00a0:\u00a0Une version de Joy manches simples avec poignets \u00e9lastiqu\u00e9s facile \u00e0 r\u00e9aliser.\u00a0Une version robe manches raglant plus complexe avec patte de boutonnage jusqu\u2019\u00e0 la naissance du coude et poignets de manches avec fente ind\u00e9chirable.\u00a0A vous de choisir comment porter Joy, pr\u00e9f\u00e9rez une ceinture \u00e0 boucle ou \u00e0 nouer et assortissez son col rond l\u00e9g\u00e8rement d\u00e9gag\u00e9 de vos plus jolis accessoires.<\/p>\n<p>Une multitude de mati\u00e8res conviennent pour la robe Joy, viscose, cr\u00eape, tencel, lin, voile de coton, lin viscose, broderie anglaise.<\/p>\n<p>D\u00e9clinez la robe Joy dans plusieurs mati\u00e8res et dans plusieurs longueurs, vous trouverez un hack version longue simple \u00e0 r\u00e9aliser sur notre chaine You Tube.  Joy c&#8217;est l&#8217;assurance d&#8217;\u00eatre styl\u00e9e autant pour les f\u00eates que pour les sorties d\u00e9contract\u00e9es.<\/p>\n[et_pb_section global_module=\"6534\"][\/et_pb_section]\n","protected":false},"excerpt":{"rendered":"<p>JOY<\/p>\n<p>Joy est la petite robe aux d\u00e9tails ultra f\u00e9minins, \u00e9l\u00e9gante et intemporelle.<br \/>\nJoliment resserr\u00e9e \u00e0 la taille gr\u00e2ce \u00e0 un \u00e9lastique, avec sa jupe patineuse Joy met la silhouette en valeur.<\/p>\n<div class=\"dftail\"><em>Tailles : 34 au 48 \/ 46 au 60.<\/em><\/div>\n<div class=\"dficon\">\n<p><em>Niveau de difficult\u00e9 : <\/em><\/p>\n<div class=\"difficulty\"><\/div>\n<div class=\"difficulty\"><\/div>\n<\/div>\n<p>\u00c0 retrouver sur vos r\u00e9seaux : <a href=\"https:\/\/www.instagram.com\/explore\/tags\/robejoy\/?hl=fr\" target=\"_blank\" rel=\"noopener\">#robejoy<\/a>; <a href=\"https:\/\/www.instagram.com\/explore\/tags\/germainpatronsjoy\/?hl=fr\" target=\"_blank\" rel=\"noopener\">#germainpatronsjoy<\/a> ; <a href=\"https:\/\/www.instagram.com\/explore\/tags\/germainpatrons\/?hl=fr\" target=\"_blank\" rel=\"noopener\">#germainpatrons<\/a><\/p>\n","protected":false},"featured_media":7466,"template":"","meta":{"_et_pb_use_builder":"","_et_pb_old_content":"","_et_gb_content_width":""},"product_brand":[],"product_cat":[64,36,37,75],"product_tag":[30,49],"class_list":{"0":"post-6024","1":"product","2":"type-product","3":"status-publish","4":"has-post-thumbnail","6":"product_cat-robes-et-jupes-34-48-fr","7":"product_cat-patrons-de-couture-femmes-34-48-fr","8":"product_cat-patrons-de-couture-femmes-46-60-fr","9":"product_cat-robes-et-jupes-46-60-fr","10":"product_tag-30","11":"product_tag-robe","12":"pa_formats-pdf-34-48-fr","13":"pa_formats-pdf-46-60-fr","14":"pa_formats-pochette-34-48-fr","15":"pa_formats-pochette-46-60-fr","16":"wcmi-has-gallery","18":"first","19":"instock","20":"taxable","21":"shipping-taxable","22":"purchasable","23":"product-type-variable"},"supplier_id":null,"supplier_sku":"","barcode":null,"atum_controlled":true,"out_stock_date":null,"out_stock_threshold":null,"inheritable":false,"inbound_stock":0,"stock_on_hold":4,"sold_today":0,"sales_last_days":10,"reserved_stock":0,"customer_returns":0,"warehouse_damage":0,"lost_in_post":0,"other_logs":0,"out_stock_days":0,"lost_sales":0,"has_location":false,"update_date":"2026-04-16T00:20:05","atum_locations":[],"atum_stock_status":"instock","restock_status":false,"low_stock_amount":"","sales_update_date":"2026-04-16T00:20:05","calc_backorders":null,"jetpack_sharing_enabled":true,"_links":{"self":[{"href":"https:\/\/germainpatrons.com\/en\/wp-json\/wp\/v2\/product\/6024","targetHints":{"allow":["GET"]}}],"collection":[{"href":"https:\/\/germainpatrons.com\/en\/wp-json\/wp\/v2\/product"}],"about":[{"href":"https:\/\/germainpatrons.com\/en\/wp-json\/wp\/v2\/types\/product"}],"wp:featuredmedia":[{"embeddable":true,"href":"https:\/\/germainpatrons.com\/en\/wp-json\/wp\/v2\/media\/7466"}],"wp:attachment":[{"href":"https:\/\/germainpatrons.com\/en\/wp-json\/wp\/v2\/media?parent=6024"}],"wp:term":[{"taxonomy":"product_brand","embeddable":true,"href":"https:\/\/germainpatrons.com\/en\/wp-json\/wp\/v2\/product_brand?post=6024"},{"taxonomy":"product_cat","embeddable":true,"href":"https:\/\/germainpatrons.com\/en\/wp-json\/wp\/v2\/product_cat?post=6024"},{"taxonomy":"product_tag","embeddable":true,"href":"https:\/\/germainpatrons.com\/en\/wp-json\/wp\/v2\/product_tag?post=6024"}],"curies":[{"name":"wp","href":"https:\/\/api.w.org\/{rel}","templated":true}]}}