{"id":6029,"date":"2023-08-22T19:38:55","date_gmt":"2023-08-22T17:38:55","guid":{"rendered":"https:\/\/germainpatrons.com\/?post_type=product&#038;p=6029"},"modified":"2026-04-11T11:17:39","modified_gmt":"2026-04-11T09:17:39","slug":"charlize","status":"publish","type":"product","link":"https:\/\/germainpatrons.com\/en\/charlize\/","title":{"rendered":"Charlize"},"content":{"rendered":"<blockquote>\n<div dir=\"ltr\">\n<h2>Patron de robe Charlize en PDF et pochette<\/h2>\n<p class=\"p1\"><span class=\"s1\">Le charme de l\u2019ind\u00e9modable baby doll!<\/span><\/p>\n<p class=\"p1\"><span class=\"s1\">Charlize c\u2019est la petite robe ultra rapide \u00e0 coudre, qui vous donnera une allure de dingue!<\/span><\/p>\n<p class=\"p1\"><span class=\"s1\">Elle combine \u00e0 la fois confort et \u00e9l\u00e9gance.<\/span><\/p>\n<p class=\"p1\"><span class=\"s1\">Confortablement ajust\u00e9e sur les \u00e9paules, elle joue de toute son ampleur en partant de la poitrine.<\/span><\/p>\n<p class=\"p1\"><span class=\"s1\">La fluidit\u00e9 de sa coupe \u00e9vas\u00e9e ajoute la petite touche f\u00e9minine et dynamique \u00e0 votre silhouette, tout en vous offrant une grande libert\u00e9 de mouvement.\u00a0<\/span><\/p>\n<p class=\"p1\"><span class=\"s1\">Charlize convient \u00e0 diff\u00e9rentes morphologies, et sera votre alli\u00e9e id\u00e9ale pour toutes les occasions, un style d\u00e9contract\u00e9 du quotidien en optant pour un tissu fluide, une soir\u00e9e plus habill\u00e9e o\u00f9 l\u2019on veut sortir le grand jeu en choisissant de jolis sequins ou un beau tissu plus noble tel qu\u2019une jolie soie.\u00a0<\/span><\/p>\n<p class=\"p1\"><span class=\"s1\">A vous d\u2019imaginer les Charlize qui accompagneront tous les moment de votre vie!\u00a0<\/span><\/p>\n<\/div>\n<\/blockquote>\n[et_pb_section global_module=\"6537\"][\/et_pb_section]\n","protected":false},"excerpt":{"rendered":"<h2>Patron de robe Charlize en PDF et pochette<\/h2>\n<p class=\"p1\"><span class=\"s1\">Le charme de l\u2019ind\u00e9modable baby doll!<\/span><\/p>\n<p class=\"p1\"><span class=\"s1\">Charlize c\u2019est la petite robe ultra rapide \u00e0 coudre, qui vous donnera une allure de dingue!<\/span><\/p>\n<div class=\"dftail\"><em>Tailles : 34 au 48 \/ 46 au 60.<\/em><\/div>\n<div class=\"dficon\">\n<p><em>Niveau de difficult\u00e9 sans les poches : <\/em><\/p>\n<div class=\"difficulty\"><\/div>\n<\/div>\n<div class=\"dficon\">\n<p><em>Niveau de difficult\u00e9 avec les poches : <\/em><\/p>\n<div class=\"difficulty\"><\/div>\n<div class=\"difficulty\"><\/div>\n<\/div>\n<p>\u00c0 retrouver sur vos r\u00e9seaux : <a href=\"https:\/\/www.instagram.com\/explore\/tags\/robecharlize\/?hl=fr\" target=\"_blank\" rel=\"noopener\">#robecharlize<\/a>; <a href=\"https:\/\/www.instagram.com\/explore\/tags\/germainpatronscharlize\/?hl=fr\" target=\"_blank\" rel=\"noopener\">#germainpatronscharlize<\/a> ; <a href=\"https:\/\/www.instagram.com\/explore\/tags\/germainpatrons\/?hl=fr\" target=\"_blank\" rel=\"noopener\">#germainpatrons<\/a><\/p>\n","protected":false},"featured_media":8709,"template":"","meta":{"_et_pb_use_builder":"","_et_pb_old_content":"","_et_gb_content_width":""},"product_brand":[],"product_cat":[64,36,37,75],"product_tag":[30],"class_list":{"0":"post-6029","1":"product","2":"type-product","3":"status-publish","4":"has-post-thumbnail","6":"product_cat-robes-et-jupes-34-48-fr","7":"product_cat-patrons-de-couture-femmes-34-48-fr","8":"product_cat-patrons-de-couture-femmes-46-60-fr","9":"product_cat-robes-et-jupes-46-60-fr","10":"product_tag-30","11":"pa_formats-pdf-34-48-fr","12":"pa_formats-pdf-46-60-fr","13":"pa_formats-pochette-34-48-fr","14":"pa_formats-pochette-46-60-fr","15":"wcmi-has-gallery","17":"first","18":"instock","19":"taxable","20":"shipping-taxable","21":"purchasable","22":"product-type-variable"},"supplier_id":null,"supplier_sku":"","barcode":null,"atum_controlled":true,"out_stock_date":null,"out_stock_threshold":null,"inheritable":false,"inbound_stock":0,"stock_on_hold":0,"sold_today":0,"sales_last_days":1,"reserved_stock":0,"customer_returns":0,"warehouse_damage":0,"lost_in_post":0,"other_logs":0,"out_stock_days":0,"lost_sales":0,"has_location":false,"update_date":"2026-04-27T00:41:23","atum_locations":[],"atum_stock_status":"instock","restock_status":false,"low_stock_amount":"","sales_update_date":"2026-04-27T00:41:23","calc_backorders":null,"jetpack_sharing_enabled":true,"_links":{"self":[{"href":"https:\/\/germainpatrons.com\/en\/wp-json\/wp\/v2\/product\/6029","targetHints":{"allow":["GET"]}}],"collection":[{"href":"https:\/\/germainpatrons.com\/en\/wp-json\/wp\/v2\/product"}],"about":[{"href":"https:\/\/germainpatrons.com\/en\/wp-json\/wp\/v2\/types\/product"}],"wp:featuredmedia":[{"embeddable":true,"href":"https:\/\/germainpatrons.com\/en\/wp-json\/wp\/v2\/media\/8709"}],"wp:attachment":[{"href":"https:\/\/germainpatrons.com\/en\/wp-json\/wp\/v2\/media?parent=6029"}],"wp:term":[{"taxonomy":"product_brand","embeddable":true,"href":"https:\/\/germainpatrons.com\/en\/wp-json\/wp\/v2\/product_brand?post=6029"},{"taxonomy":"product_cat","embeddable":true,"href":"https:\/\/germainpatrons.com\/en\/wp-json\/wp\/v2\/product_cat?post=6029"},{"taxonomy":"product_tag","embeddable":true,"href":"https:\/\/germainpatrons.com\/en\/wp-json\/wp\/v2\/product_tag?post=6029"}],"curies":[{"name":"wp","href":"https:\/\/api.w.org\/{rel}","templated":true}]}}