{"id":6034,"date":"2023-08-22T19:40:03","date_gmt":"2023-08-22T17:40:03","guid":{"rendered":"https:\/\/germainpatrons.com\/?post_type=product&#038;p=6034"},"modified":"2026-03-16T08:14:47","modified_gmt":"2026-03-16T07:14:47","slug":"blake","status":"publish","type":"product","link":"https:\/\/germainpatrons.com\/en\/blake\/","title":{"rendered":"Blake"},"content":{"rendered":"<p>Blake est un petit pull tr\u00e8s f\u00e9minin avec une coupe pr\u00e8s du corps et des manches fronc\u00e9es qui lui conf\u00e8rent une esth\u00e9tique \u00e9l\u00e9gante et moderne.<\/p>\n<p>Les manches et les larges poignets ajoutent une touche de sophistication tandis que la coupe ajust\u00e9e met la silhouette en valeur.<\/p>\n<p>Le style polyvalent de Blake permet des associations tr\u00e8s vari\u00e9es, il peut \u00eatre port\u00e9 aussi bien au travail que lors de sorties chic ou d\u00e9contract\u00e9es.<\/p>\n<p>Il est r\u00e9alisable principalement dans des mailles telles que lainage, jersey lourd, milano, scuba, scuba cr\u00eape, jersey velours\u2026<\/p>\n<p>Une jolie inspiration avec une association<span class=\"Apple-converted-space\">\u00a0 <\/span>cha\u00eene et trame pour les manches, telles que dentelle, broderie anglaise, cr\u00eape, donne une apparence tr\u00e8s raffin\u00e9e.<\/p>\n[et_pb_section global_module=\"6535\"][\/et_pb_section]\n","protected":false},"excerpt":{"rendered":"<p>Blake est un petit pull tr\u00e8s f\u00e9minin avec une coupe pr\u00e8s du corps et des manches fronc\u00e9es qui lui conf\u00e8rent une esth\u00e9tique \u00e9l\u00e9gante et moderne.<\/p>\n<div class=\"dftail\"><em>Tailles : 34 au 48 \/ 46 au 60.<\/em><\/div>\n<div class=\"dficon\">\n<p><em>Niveau de difficult\u00e9 : <\/em><\/p>\n<div class=\"difficulty\"><\/div>\n<div class=\"difficulty\"><\/div>\n<\/div>\n<p>\u00c0 retrouver sur vos r\u00e9seaux : <a href=\"https:\/\/www.instagram.com\/explore\/tags\/pullblake\/?hl=fr\" target=\"_blank\" rel=\"noopener\">#pullblake<\/a>; <a href=\"https:\/\/www.instagram.com\/explore\/tags\/germainpatronsblake\/?hl=fr\" target=\"_blank\" rel=\"noopener\">#germainpatronsblake<\/a> ; <a href=\"https:\/\/www.instagram.com\/explore\/tags\/germainpatrons\/?hl=fr\" target=\"_blank\" rel=\"noopener\">#germainpatrons<\/a><\/p>\n","protected":false},"featured_media":8061,"template":"","meta":{"_et_pb_use_builder":"","_et_pb_old_content":"Blake est un petit pull tr\u00e8s f\u00e9minin avec une coupe pr\u00e8s du corps et des manches fronc\u00e9es qui lui conf\u00e8rent une esth\u00e9tique \u00e9l\u00e9gante et moderne.\r\n\r\nLes manches et les larges poignets ajoutent une touche de sophistication tandis que la coupe ajust\u00e9e met la silhouette en valeur.\r\n\r\nLe style polyvalent de Blake permet des associations tr\u00e8s vari\u00e9es, il peut \u00eatre port\u00e9 aussi bien au travail que lors de sorties chic ou d\u00e9contract\u00e9es.\r\n\r\nIl est r\u00e9alisable principalement dans des mailles telles que lainage, jersey lourd, milano, scuba, scuba cr\u00eape, jersey velours\u2026\r\n\r\nUne jolie inspiration avec une association<span class=\"Apple-converted-space\">\u00a0 <\/span>cha\u00eene et trame pour les manches, telles que dentelle, broderie anglaise, cr\u00eape, donne une apparence tr\u00e8s raffin\u00e9e.\r\n\r\n[divi_shortcode id=\"6535\"]","_et_gb_content_width":""},"product_brand":[],"product_cat":[76,36,37,65],"product_tag":[30],"class_list":{"0":"post-6034","1":"product","2":"type-product","3":"status-publish","4":"has-post-thumbnail","6":"product_cat-tops-et-blouses-46-60-fr","7":"product_cat-patrons-de-couture-femmes-34-48-fr","8":"product_cat-patrons-de-couture-femmes-46-60-fr","9":"product_cat-tops-et-blouses-34-48-fr","10":"product_tag-30","11":"pa_formats-pdf-34-48-fr","12":"pa_formats-pdf-46-60-fr","13":"pa_formats-pochette-34-48-fr","14":"pa_formats-pochette-46-60-fr","15":"wcmi-has-gallery","17":"first","18":"instock","19":"taxable","20":"shipping-taxable","21":"purchasable","22":"product-type-variable"},"supplier_id":null,"supplier_sku":"","barcode":null,"atum_controlled":true,"out_stock_date":null,"out_stock_threshold":null,"inheritable":false,"inbound_stock":0,"stock_on_hold":2,"sold_today":0,"sales_last_days":6,"reserved_stock":0,"customer_returns":0,"warehouse_damage":0,"lost_in_post":0,"other_logs":0,"out_stock_days":0,"lost_sales":0,"has_location":false,"update_date":"2026-04-10T00:03:25","atum_locations":[],"atum_stock_status":"instock","restock_status":false,"low_stock_amount":"","sales_update_date":"2026-04-10T00:03:25","calc_backorders":null,"jetpack_sharing_enabled":true,"_links":{"self":[{"href":"https:\/\/germainpatrons.com\/en\/wp-json\/wp\/v2\/product\/6034","targetHints":{"allow":["GET"]}}],"collection":[{"href":"https:\/\/germainpatrons.com\/en\/wp-json\/wp\/v2\/product"}],"about":[{"href":"https:\/\/germainpatrons.com\/en\/wp-json\/wp\/v2\/types\/product"}],"wp:featuredmedia":[{"embeddable":true,"href":"https:\/\/germainpatrons.com\/en\/wp-json\/wp\/v2\/media\/8061"}],"wp:attachment":[{"href":"https:\/\/germainpatrons.com\/en\/wp-json\/wp\/v2\/media?parent=6034"}],"wp:term":[{"taxonomy":"product_brand","embeddable":true,"href":"https:\/\/germainpatrons.com\/en\/wp-json\/wp\/v2\/product_brand?post=6034"},{"taxonomy":"product_cat","embeddable":true,"href":"https:\/\/germainpatrons.com\/en\/wp-json\/wp\/v2\/product_cat?post=6034"},{"taxonomy":"product_tag","embeddable":true,"href":"https:\/\/germainpatrons.com\/en\/wp-json\/wp\/v2\/product_tag?post=6034"}],"curies":[{"name":"wp","href":"https:\/\/api.w.org\/{rel}","templated":true}]}}