{"id":78,"date":"2023-05-04T16:02:25","date_gmt":"2023-05-04T14:02:25","guid":{"rendered":"https:\/\/germainparispatrons.com\/?post_type=product&#038;p=78"},"modified":"2026-04-14T22:44:05","modified_gmt":"2026-04-14T20:44:05","slug":"le-tish","status":"publish","type":"product","link":"https:\/\/germainpatrons.com\/en\/le-tish\/","title":{"rendered":"Le Tish"},"content":{"rendered":"<p>Le T-shirt LE TISH est sans manches. Il se porte ample, ses \u00e9paules sont tombantes. Son encolure ronde est termin\u00e9e par une bande d\u2019encolure, les bas de manches par des bracelets de manches. Il est termin\u00e9 par un ourlet simple. Uni ou version marini\u00e8re, c\u2019est un basique facile et rapide \u00e0 coudre.<\/p>\n","protected":false},"excerpt":{"rendered":"<p>LE PACK TISH c\u2019est le grand classique de l\u2019\u00e9t\u00e9. Il inclut les versions col V, col rond, manches courtes ou longues. Facile \u00e0 coudre dans tous les styles de couleurs ou de motifs, chacun trouvera le mod\u00e8le qui lui convient et pourra l\u2019associer \u00e0 de nombreux looks de sa garde-robe.<\/p>\n<div class=\"dftail\"><em>Taille : du S au XL et XL au 4XL<\/em><\/div>\n<div class=\"dficon\">\n<p><em>Niveau de difficult\u00e9 : <\/em><\/p>\n<div class=\"difficulty\"><\/div>\n<\/div>\n<p>\u00c0 retrouver sur vos r\u00e9seaux : <a href=\"https:\/\/www.instagram.com\/explore\/tags\/tshirtletish\/?hl=fr\" target=\"_blank\" rel=\"noopener\">#tshirtletish<\/a> ; <a href=\"https:\/\/www.instagram.com\/explore\/tags\/germainpatronsletish\/?hl=fr\" target=\"_blank\" rel=\"noopener\">#germainpatronsletish<\/a> ; <a href=\"https:\/\/www.instagram.com\/explore\/tags\/germainpatrons\/?hl=fr\" target=\"_blank\" rel=\"noopener\">#germainpatrons<\/a><\/p>\n","protected":false},"featured_media":981,"template":"","meta":{"_et_pb_use_builder":"","_et_pb_old_content":"","_et_gb_content_width":""},"product_brand":[],"product_cat":[76,36,37,65],"product_tag":[30],"class_list":{"0":"post-78","1":"product","2":"type-product","3":"status-publish","4":"has-post-thumbnail","6":"product_cat-tops-et-blouses-46-60-fr","7":"product_cat-patrons-de-couture-femmes-34-48-fr","8":"product_cat-patrons-de-couture-femmes-46-60-fr","9":"product_cat-tops-et-blouses-34-48-fr","10":"product_tag-30","11":"pa_formats-patron-pdf-s-xxl","12":"pa_formats-patron-pdf-xl-4xl","13":"pa_formats-patron-pdf-xs-xl","14":"pa_formats-patron-pochette-s-xxl","15":"pa_formats-patron-pochette-xl-4xl","16":"pa_formats-patron-pochette-xs-xl","17":"wcmi-has-gallery","19":"first","20":"instock","21":"taxable","22":"shipping-taxable","23":"purchasable","24":"product-type-variable"},"supplier_id":null,"supplier_sku":"","barcode":null,"atum_controlled":true,"out_stock_date":null,"out_stock_threshold":null,"inheritable":false,"inbound_stock":0,"stock_on_hold":18,"sold_today":0,"sales_last_days":36,"reserved_stock":0,"customer_returns":0,"warehouse_damage":0,"lost_in_post":0,"other_logs":0,"out_stock_days":0,"lost_sales":0,"has_location":null,"update_date":"2026-04-15T12:32:24","atum_locations":[],"atum_stock_status":"instock","restock_status":false,"low_stock_amount":"","sales_update_date":"2026-04-12T00:11:30","calc_backorders":null,"jetpack_sharing_enabled":true,"_links":{"self":[{"href":"https:\/\/germainpatrons.com\/en\/wp-json\/wp\/v2\/product\/78","targetHints":{"allow":["GET"]}}],"collection":[{"href":"https:\/\/germainpatrons.com\/en\/wp-json\/wp\/v2\/product"}],"about":[{"href":"https:\/\/germainpatrons.com\/en\/wp-json\/wp\/v2\/types\/product"}],"wp:featuredmedia":[{"embeddable":true,"href":"https:\/\/germainpatrons.com\/en\/wp-json\/wp\/v2\/media\/981"}],"wp:attachment":[{"href":"https:\/\/germainpatrons.com\/en\/wp-json\/wp\/v2\/media?parent=78"}],"wp:term":[{"taxonomy":"product_brand","embeddable":true,"href":"https:\/\/germainpatrons.com\/en\/wp-json\/wp\/v2\/product_brand?post=78"},{"taxonomy":"product_cat","embeddable":true,"href":"https:\/\/germainpatrons.com\/en\/wp-json\/wp\/v2\/product_cat?post=78"},{"taxonomy":"product_tag","embeddable":true,"href":"https:\/\/germainpatrons.com\/en\/wp-json\/wp\/v2\/product_tag?post=78"}],"curies":[{"name":"wp","href":"https:\/\/api.w.org\/{rel}","templated":true}]}}