{"id":9549,"date":"2024-01-10T22:59:20","date_gmt":"2024-01-10T21:59:20","guid":{"rendered":"https:\/\/germainpatrons.com\/?post_type=product&#038;p=9549"},"modified":"2026-04-13T14:03:00","modified_gmt":"2026-04-13T12:03:00","slug":"hiro","status":"publish","type":"product","link":"https:\/\/germainpatrons.com\/en\/hiro\/","title":{"rendered":"Hiro"},"content":{"rendered":"<blockquote>\n<div dir=\"ltr\">\n<h2>Patron de veste kimono Hiro en PDF et pochette<\/h2>\n<p style=\"font-weight: 400;\">Hiro, la douceur et le confort de la veste kimono !<\/p>\n<p style=\"font-weight: 400;\">Hiro est une veste style kimono \u00e0 porter ceintur\u00e9e ou non. Son esth\u00e9tique inspir\u00e9e du design traditionnel japonais apporte une touche exotique et \u00e9l\u00e9gante \u00e0 tous vos looks.<\/p>\n<p style=\"font-weight: 400;\">Troquez votre veste habituelle contre le kimono Hiro pour une allure pleine de modernit\u00e9, associ\u00e9 \u00e0 un pantalon droit, une jupe crayon, ou une robe pr\u00e8s du corps.<\/p>\n<p style=\"font-weight: 400;\">Hiro s\u2019adapte \u00e0 toutes les saisons selon les mati\u00e8res utilis\u00e9es, les versions l\u00e9g\u00e8res sont parfaites pour le printemps-\u00e9t\u00e9, les mod\u00e8les plus \u00e9pais en font un choix id\u00e9al pour l\u2019automne-hiver.<\/p>\n<p style=\"font-weight: 400;\">Tr\u00e8s versatile, Hiro se porte aussi bien en veste d\u00e9contract\u00e9e en ville ou \u00e0 la plage, qu\u2019en version chic et styl\u00e9e pour une soir\u00e9e habill\u00e9e.<\/p>\n<p style=\"font-weight: 400;\">En r\u00e9sum\u00e9, quelque soit votre choix, l\u2019esth\u00e9tique distinctive d\u2019Hiro injectera une part d\u2019originalit\u00e9 \u00e0 vos looks.<\/p>\n<\/div>\n<\/blockquote>\n[et_pb_section global_module=\"6537\"][\/et_pb_section]\n","protected":false},"excerpt":{"rendered":"<h2>Patron de veste kimono Hiro en PDF et pochette<\/h2>\n<p class=\"p1\">Hiro, la douceur et le confort de la veste kimono !<\/p>\n<div class=\"dftail\"><em>Tailles : S au XXL<\/em><\/div>\n<div class=\"dficon\">\n<p><em>Niveau de difficult\u00e9 : <\/em><\/p>\n<div class=\"difficulty\"><\/div>\n<div class=\"difficulty\"><\/div>\n<p>&nbsp;<\/p>\n<\/div>\n<p>\u00c0 retrouver sur vos r\u00e9seaux : <a href=\"https:\/\/www.instagram.com\/explore\/tags\/robecharlize\/?hl=fr\" target=\"_blank\" rel=\"noopener\">#vestehiro<\/a>; <a href=\"https:\/\/www.instagram.com\/explore\/tags\/germainpatronscharlize\/?hl=fr\" target=\"_blank\" rel=\"noopener\">#germainpatronshiro<\/a> ; <a href=\"https:\/\/www.instagram.com\/explore\/tags\/germainpatrons\/?hl=fr\" target=\"_blank\" rel=\"noopener\">#germainpatrons<\/a><\/p>\n","protected":false},"featured_media":10444,"template":"","meta":{"_et_pb_use_builder":"off","_et_pb_old_content":"<blockquote>\r\n<div dir=\"ltr\">\r\n<h2>Patron de veste kimono Hiro en PDF et pochette<\/h2>\r\n<p style=\"font-weight: 400;\">Hiro, la douceur et le confort de la veste kimono !<\/p>\r\n<p style=\"font-weight: 400;\">Hiro est une veste style kimono \u00e0 porter ceintur\u00e9e ou non. Son esth\u00e9tique inspir\u00e9e du design traditionnel japonais apporte une touche exotique et \u00e9l\u00e9gante \u00e0 tous vos looks.<\/p>\r\n<p style=\"font-weight: 400;\">Troquez votre veste habituelle contre le kimono Hiro pour une allure pleine de modernit\u00e9, associ\u00e9 \u00e0 un pantalon droit, une jupe crayon, ou une robe pr\u00e8s du corps.<\/p>\r\n<p style=\"font-weight: 400;\">Hiro s\u2019adapte \u00e0 toutes les saisons selon les mati\u00e8res utilis\u00e9es, les versions l\u00e9g\u00e8res sont parfaites pour le printemps-\u00e9t\u00e9, les mod\u00e8les plus \u00e9pais en font un choix id\u00e9al pour l\u2019automne-hiver.<\/p>\r\n<p style=\"font-weight: 400;\">Tr\u00e8s versatile, Hiro se porte aussi bien en veste d\u00e9contract\u00e9e en ville ou \u00e0 la plage, qu\u2019en version chic et styl\u00e9e pour une soir\u00e9e habill\u00e9e.<\/p>\r\n<p style=\"font-weight: 400;\">En r\u00e9sum\u00e9, quelque soit votre choix, l\u2019esth\u00e9tique distinctive d\u2019Hiro injectera une part d\u2019originalit\u00e9 \u00e0 vos looks.<\/p>\r\n\r\n<\/div><\/blockquote>\r\n[divi_shortcode id=\"6537\"]","_et_gb_content_width":""},"product_brand":[],"product_cat":[67,73,151],"product_tag":[146,158,157],"class_list":{"0":"post-9549","1":"product","2":"type-product","3":"status-publish","4":"has-post-thumbnail","6":"product_cat-manteaux-et-vestes-34-48-fr","7":"product_cat-manteaux-et-vestes-46-60-fr","8":"product_cat-patrons-de-couture-femmes-xxs-xxl-fr","9":"product_tag-146","10":"product_tag-kimono","11":"product_tag-veste","12":"pa_formats-patron-pdf-s-xxl","13":"pa_formats-patron-pochette-s-xxl","14":"wcmi-has-gallery","16":"first","17":"instock","18":"taxable","19":"shipping-taxable","20":"purchasable","21":"product-type-variable"},"supplier_id":null,"supplier_sku":"","barcode":null,"atum_controlled":true,"out_stock_date":null,"out_stock_threshold":null,"inheritable":false,"inbound_stock":0,"stock_on_hold":7,"sold_today":0,"sales_last_days":8,"reserved_stock":0,"customer_returns":0,"warehouse_damage":0,"lost_in_post":0,"other_logs":0,"out_stock_days":0,"lost_sales":0,"has_location":false,"update_date":"2026-04-16T15:48:54","atum_locations":[],"atum_stock_status":"instock","restock_status":false,"low_stock_amount":"","sales_update_date":"2026-04-16T00:20:40","calc_backorders":null,"jetpack_sharing_enabled":true,"_links":{"self":[{"href":"https:\/\/germainpatrons.com\/en\/wp-json\/wp\/v2\/product\/9549","targetHints":{"allow":["GET"]}}],"collection":[{"href":"https:\/\/germainpatrons.com\/en\/wp-json\/wp\/v2\/product"}],"about":[{"href":"https:\/\/germainpatrons.com\/en\/wp-json\/wp\/v2\/types\/product"}],"wp:featuredmedia":[{"embeddable":true,"href":"https:\/\/germainpatrons.com\/en\/wp-json\/wp\/v2\/media\/10444"}],"wp:attachment":[{"href":"https:\/\/germainpatrons.com\/en\/wp-json\/wp\/v2\/media?parent=9549"}],"wp:term":[{"taxonomy":"product_brand","embeddable":true,"href":"https:\/\/germainpatrons.com\/en\/wp-json\/wp\/v2\/product_brand?post=9549"},{"taxonomy":"product_cat","embeddable":true,"href":"https:\/\/germainpatrons.com\/en\/wp-json\/wp\/v2\/product_cat?post=9549"},{"taxonomy":"product_tag","embeddable":true,"href":"https:\/\/germainpatrons.com\/en\/wp-json\/wp\/v2\/product_tag?post=9549"}],"curies":[{"name":"wp","href":"https:\/\/api.w.org\/{rel}","templated":true}]}}