{"id":9554,"date":"2024-01-10T23:00:48","date_gmt":"2024-01-10T22:00:48","guid":{"rendered":"https:\/\/germainpatrons.com\/?post_type=product&#038;p=9554"},"modified":"2026-04-23T18:29:27","modified_gmt":"2026-04-23T16:29:27","slug":"hugo","status":"publish","type":"product","link":"https:\/\/germainpatrons.com\/en\/hugo\/","title":{"rendered":"Hugo"},"content":{"rendered":"<blockquote>\n<div dir=\"ltr\">\n<h2>Patron de pantalon Hugo en PDF et pochette<\/h2>\n<p>Hugo, le pantalon mixte classe et polyvalent\u00a0!<\/p>\n<p>Hugo offre un \u00e9quilibre parfait entre le style et le confort d\u2019un pantalon d\u00e9contract\u00e9 avec sa coupe 7\/8 \u00e8me.<\/p>\n<p>R\u00e9alis\u00e9 dans des tissus jersey de qualit\u00e9, la ceinture \u00e9lastiqu\u00e9e ferm\u00e9e par un lien, les pinces dos et les plis plats devant permettent \u00e0 vos hommes une grande libert\u00e9 de mouvement, tout en conservant un aspect moderne et soign\u00e9.<\/p>\n<p>Hugo est adapt\u00e9 \u00e0 diff\u00e9rents looks que ce soit au travail ou pour les moments de d\u00e9tente \u00e0 la maison ou entre amis.<\/p>\n<p>En r\u00e9sum\u00e9 Hugo est un pantalon pratique et tendance, qui en fait le choix id\u00e9al pour de nombreuses occasions.<\/p>\n<\/div>\n<p>&nbsp;<\/p>\n<p>&nbsp;<\/p>\n<div dir=\"ltr\">\n<p>&nbsp;<\/p>\n<p>&nbsp;<\/p>\n<\/div>\n<\/blockquote>\n[et_pb_section global_module=\"6535\"][\/et_pb_section]\n","protected":false},"excerpt":{"rendered":"<h2>Patron de pantalon Hugo en PDF et pochette<\/h2>\n<p>Hugo, le pantalon mixte classe et polyvalent\u00a0!<\/p>\n<p>Hugo offre un \u00e9quilibre parfait entre le style et le confort d\u2019un pantalon d\u00e9contract\u00e9 avec sa coupe 7\/8 \u00e8me.<\/p>\n<div class=\"dftail\"><em>Tailles : XXS au XXXL.<\/em><\/div>\n<div class=\"dficon\">\n<p><em>Niveau de difficult\u00e9 : <\/em><\/p>\n<div class=\"difficulty\"><\/div>\n<div class=\"difficulty\"><\/div>\n<p>&nbsp;<\/p>\n<\/div>\n<p>\u00c0 retrouver sur vos r\u00e9seaux : <a href=\"https:\/\/www.instagram.com\/explore\/tags\/pantalonhugo\/?hl=fr\" target=\"_blank\" rel=\"noopener\">#pantalonhugo<\/a>; <a href=\"https:\/\/www.instagram.com\/explore\/tags\/germainpatronshugo\/?hl=fr\" target=\"_blank\" rel=\"noopener\">#germainpatronshugo<\/a> ; <a href=\"https:\/\/www.instagram.com\/explore\/tags\/germainpatrons\/?hl=fr\" target=\"_blank\" rel=\"noopener\">#germainpatrons<\/a><\/p>\n","protected":false},"featured_media":10257,"template":"","meta":{"_et_pb_use_builder":"","_et_pb_old_content":"","_et_gb_content_width":""},"product_brand":[],"product_cat":[145,155,144,150],"product_tag":[146],"class_list":{"0":"post-9554","1":"product","2":"type-product","3":"status-publish","4":"has-post-thumbnail","6":"product_cat-pantalons-shorts-et-combis-xxs-xxxl-fr","7":"product_cat-pantalons-shorts-et-combis-mixte-xxs-xxxl-fr","8":"product_cat-patrons-de-couture-hommes-xxs-xxxl-fr","9":"product_cat-patrons-de-couture-mixtes-xxs-xxxl-fr","10":"product_tag-146","11":"pa_formats-adultes-mixte-pdf-fr","12":"pa_formats-adultes-mixte-pochette-fr","13":"wcmi-has-gallery","15":"first","16":"instock","17":"taxable","18":"shipping-taxable","19":"purchasable","20":"product-type-variable"},"supplier_id":null,"supplier_sku":"","barcode":null,"atum_controlled":true,"out_stock_date":null,"out_stock_threshold":null,"inheritable":false,"inbound_stock":0,"stock_on_hold":5,"sold_today":0,"sales_last_days":9,"reserved_stock":0,"customer_returns":0,"warehouse_damage":0,"lost_in_post":0,"other_logs":0,"out_stock_days":0,"lost_sales":0,"has_location":false,"update_date":"2026-04-26T00:41:33","atum_locations":[],"atum_stock_status":"instock","restock_status":false,"low_stock_amount":"","sales_update_date":"2026-04-26T00:41:33","calc_backorders":null,"jetpack_sharing_enabled":true,"_links":{"self":[{"href":"https:\/\/germainpatrons.com\/en\/wp-json\/wp\/v2\/product\/9554","targetHints":{"allow":["GET"]}}],"collection":[{"href":"https:\/\/germainpatrons.com\/en\/wp-json\/wp\/v2\/product"}],"about":[{"href":"https:\/\/germainpatrons.com\/en\/wp-json\/wp\/v2\/types\/product"}],"wp:featuredmedia":[{"embeddable":true,"href":"https:\/\/germainpatrons.com\/en\/wp-json\/wp\/v2\/media\/10257"}],"wp:attachment":[{"href":"https:\/\/germainpatrons.com\/en\/wp-json\/wp\/v2\/media?parent=9554"}],"wp:term":[{"taxonomy":"product_brand","embeddable":true,"href":"https:\/\/germainpatrons.com\/en\/wp-json\/wp\/v2\/product_brand?post=9554"},{"taxonomy":"product_cat","embeddable":true,"href":"https:\/\/germainpatrons.com\/en\/wp-json\/wp\/v2\/product_cat?post=9554"},{"taxonomy":"product_tag","embeddable":true,"href":"https:\/\/germainpatrons.com\/en\/wp-json\/wp\/v2\/product_tag?post=9554"}],"curies":[{"name":"wp","href":"https:\/\/api.w.org\/{rel}","templated":true}]}}